{"id":1688,"date":"2023-09-02T10:39:47","date_gmt":"2023-09-02T10:39:47","guid":{"rendered":"http:\/\/sylvain-roy.local\/?page_id=1688"},"modified":"2025-02-19T12:15:21","modified_gmt":"2025-02-19T11:15:21","slug":"presentation-organologique-du-rubab-afghan","status":"publish","type":"page","link":"https:\/\/www.afghanrubab.com\/en\/presentation-organologique-du-rubab-afghan\/","title":{"rendered":"Organological presentation"},"content":{"rendered":"<div data-elementor-type=\"wp-page\" data-elementor-id=\"1688\" class=\"elementor elementor-1688\">\n\t\t\t\t<div class=\"elementor-element elementor-element-52d05c1 e-flex e-con-boxed e-con e-parent\" data-id=\"52d05c1\" data-element_type=\"container\" data-e-type=\"container\">\n\t\t\t\t\t<div class=\"e-con-inner\">\n\t\t\t\t<div class=\"elementor-element elementor-element-6b50e05 elementor-widget elementor-widget-text-editor\" data-id=\"6b50e05\" data-element_type=\"widget\" data-e-type=\"widget\" data-widget_type=\"text-editor.default\">\n\t\t\t\t<div class=\"elementor-widget-container\">\n\t\t\t\t\t\t\t\t\t<p class=\"translation-block\">The Afghan rub\u0101b consists of a wooden body, usually a carved and hollowed out piece of mulberry. The pegbox is glued to the body by means of a tenon. The instrument is fitted with two types of strings: melodic nylon strings, formerly made of gut, of which there are three (they were doubled on the oldest instruments) and sympathetic metal strings known as sim-e tarab or sim-e badgi. The latter are divided into two categories, the sh\u0101ht\u0101r or \u2018drone\u2019 strings, of which there are two or three, and eight to fifteen sympathetic strings, the highest of which, called sim-e barchak or chik\u0101r\u012b, is directly shaken in an elaborate rhythmic game specific to the Afghan rub\u0101b, known as parandk\u0101ri. The melodic and sh\u0101ht\u0101ri strings are played with a thick, hard wooden plectrum.<\/p>\t\t\t\t\t\t\t\t<\/div>\n\t\t\t\t<\/div>\n\t\t\t\t\t<\/div>\n\t\t\t\t<\/div>\n\t\t\t\t<\/div>","protected":false},"excerpt":{"rendered":"<p>Le rub\u0101b afghan est constitu\u00e9 d\u2019un corps en bois, il s\u2019agit g\u00e9n\u00e9ralement d\u2019une pi\u00e8ce de m\u00fbrier sculpt\u00e9e et \u00e9vid\u00e9e. Le chevillier est [&hellip;]<\/p>\n","protected":false},"author":1,"featured_media":0,"parent":0,"menu_order":0,"comment_status":"closed","ping_status":"closed","template":"","meta":{"footnotes":""},"class_list":["post-1688","page","type-page","status-publish","hentry"],"_links":{"self":[{"href":"https:\/\/www.afghanrubab.com\/en\/wp-json\/wp\/v2\/pages\/1688","targetHints":{"allow":["GET"]}}],"collection":[{"href":"https:\/\/www.afghanrubab.com\/en\/wp-json\/wp\/v2\/pages"}],"about":[{"href":"https:\/\/www.afghanrubab.com\/en\/wp-json\/wp\/v2\/types\/page"}],"author":[{"embeddable":true,"href":"https:\/\/www.afghanrubab.com\/en\/wp-json\/wp\/v2\/users\/1"}],"replies":[{"embeddable":true,"href":"https:\/\/www.afghanrubab.com\/en\/wp-json\/wp\/v2\/comments?post=1688"}],"version-history":[{"count":14,"href":"https:\/\/www.afghanrubab.com\/en\/wp-json\/wp\/v2\/pages\/1688\/revisions"}],"predecessor-version":[{"id":2753,"href":"https:\/\/www.afghanrubab.com\/en\/wp-json\/wp\/v2\/pages\/1688\/revisions\/2753"}],"wp:attachment":[{"href":"https:\/\/www.afghanrubab.com\/en\/wp-json\/wp\/v2\/media?parent=1688"}],"curies":[{"name":"wp","href":"https:\/\/api.w.org\/{rel}","templated":true}]}}