{"id":1696,"date":"2023-09-02T10:43:06","date_gmt":"2023-09-02T10:43:06","guid":{"rendered":"http:\/\/sylvain-roy.local\/?page_id=1696"},"modified":"2023-11-23T11:36:17","modified_gmt":"2023-11-23T10:36:17","slug":"le-timbre-du-rubab-kabuli","status":"publish","type":"page","link":"https:\/\/www.afghanrubab.com\/en\/le-timbre-du-rubab-kabuli\/","title":{"rendered":"The Rub\u0101b Kabuli tone"},"content":{"rendered":"<div data-elementor-type=\"wp-page\" data-elementor-id=\"1696\" class=\"elementor elementor-1696\">\n\t\t\t\t<div class=\"elementor-element elementor-element-4dd7829 e-flex e-con-boxed e-con e-parent\" data-id=\"4dd7829\" data-element_type=\"container\" data-e-type=\"container\">\n\t\t\t\t\t<div class=\"e-con-inner\">\n\t\t\t\t<div class=\"elementor-element elementor-element-23e70ba elementor-widget elementor-widget-image\" data-id=\"23e70ba\" data-element_type=\"widget\" data-e-type=\"widget\" data-widget_type=\"image.default\">\n\t\t\t\t<div class=\"elementor-widget-container\">\n\t\t\t\t\t\t\t\t\t\t\t\t\t\t\t<img fetchpriority=\"high\" decoding=\"async\" width=\"480\" height=\"480\" src=\"https:\/\/www.afghanrubab.com\/wp-content\/uploads\/2023\/10\/Sonogramme_Rubab_Afghan_Timbre-1-480x480.png\" class=\"attachment-sydney-mas-thumb size-sydney-mas-thumb wp-image-1848\" alt=\"\" srcset=\"\" sizes=\"(max-width: 480px) 100vw, 480px\" data-srcset=\"\" \/>\t\t\t\t\t\t\t\t\t\t\t\t\t\t\t<\/div>\n\t\t\t\t<\/div>\n\t\t\t\t<div class=\"elementor-element elementor-element-baddabb elementor-widget elementor-widget-text-editor\" data-id=\"baddabb\" data-element_type=\"widget\" data-e-type=\"widget\" data-widget_type=\"text-editor.default\">\n\t\t\t\t<div class=\"elementor-widget-container\">\n\t\t\t\t\t\t\t\t\t<p><strong>Image: representation of three sonograms A, B and C.\nMonophonic sonogram of an Afghan rub\u0101b kabuli, made on 07 January 2021 by Mich\u00e8le Castellengo on Audiosculpt. The instrument is tuned in C and performs the ascending and descending scale of C major with: \n\nA: melodic strings, drone strings and sympathetic strings\n\nB: melody strings and drone strings\n\nC: melody strings only<\/strong><\/p>\t\t\t\t\t\t\t\t<\/div>\n\t\t\t\t<\/div>\n\t\t\t\t<div class=\"elementor-element elementor-element-67a359a elementor-widget elementor-widget-text-editor\" data-id=\"67a359a\" data-element_type=\"widget\" data-e-type=\"widget\" data-widget_type=\"text-editor.default\">\n\t\t\t\t<div class=\"elementor-widget-container\">\n\t\t\t\t\t\t\t\t\t<p>Although it is not easy to define the timbre of the Afghan rub\u0101b, it is nonetheless recognisable. If we accept the idea that the instrument was invented at the beginning of the 19<sup>th<\/sup> century. The tone that is the benchmark today only appeared in the second half of the 20<sup>th<\/sup>century. It is partly due to the musician Mohammad Omar (1905-1980). The luthier Juma Khan Q\u00e2deri from Kabul became known as one of the finest craftsmen of his time. The timbre of his instruments, in the hands of Mohammad Omar, is a benchmark.<\/p><p>The tone of the Afghan rub\u0101b is based on five elements:<\/p><ul><li>a carved and hollowed out mulberry wood structure;<\/li><li>a complex cavity made up of three chambers;<\/li><li>a taut, parchment-like goatskin;<\/li><li>3 melodic nylon strings;<\/li><li>13 to 15 sympathetic metal strings.<\/li><\/ul><p>\u00a0<\/p><p>The sympathetic strings play a major role in creating the tone of the instrument. They double the notes emitted by the melodic strings, but other sympathetic strings often vibrate as well (sonogram image A). The sympathetic strings generate a halo of sound, a kind of mechanical reverberation similar to that of a large empty room. Charles Besnainou and Mich\u00e8le Castellengo refer to this effect as the \u2018cathedral effect\u2019. <strong><u>(Besnainou, Castellengo 1995\u00a0: p. 61)<\/u><\/strong>. One might think that the presence of sympathetic strings would increase the loudness of the instrument, but in fact there is no significant difference (sonogram image C). The level of loudness is identical in all three sonograms (sonograms A, B and C). The extension of the sound, known as the \u2018rebound effect\u2019, is of a much lower intensity than that produced by the exciter string.<\/p><p>The tone is also modified by the backward inclination of the bridge and by the shape and material of the plectrum. Empty, open eggshells are sometimes found inside the resonator, in the lower chamber. The significance of this practice is still unknown, but according to acoustician Mich\u00e8le Castellengo, these eggshells have no effect on the instrument's acoustics. Last but not least, the instrumental gesture of the musician: his plectrum playing combined with the action of his fingers on the neck completes the timbre of the Afghan rub\u0101b.<\/p>\t\t\t\t\t\t\t\t<\/div>\n\t\t\t\t<\/div>\n\t\t\t\t\t<\/div>\n\t\t\t\t<\/div>\n\t\t\t\t<\/div>","protected":false},"excerpt":{"rendered":"<p>Image\u00a0: repr\u00e9sentation de trois sonogrammes A, B et C S\u2019il n\u2019est pas ais\u00e9 de d\u00e9finir le timbre du rub\u0101b afghan, il n\u2019en [&hellip;]<\/p>\n","protected":false},"author":1,"featured_media":0,"parent":0,"menu_order":0,"comment_status":"closed","ping_status":"closed","template":"","meta":{"footnotes":""},"class_list":["post-1696","page","type-page","status-publish","hentry"],"_links":{"self":[{"href":"https:\/\/www.afghanrubab.com\/en\/wp-json\/wp\/v2\/pages\/1696","targetHints":{"allow":["GET"]}}],"collection":[{"href":"https:\/\/www.afghanrubab.com\/en\/wp-json\/wp\/v2\/pages"}],"about":[{"href":"https:\/\/www.afghanrubab.com\/en\/wp-json\/wp\/v2\/types\/page"}],"author":[{"embeddable":true,"href":"https:\/\/www.afghanrubab.com\/en\/wp-json\/wp\/v2\/users\/1"}],"replies":[{"embeddable":true,"href":"https:\/\/www.afghanrubab.com\/en\/wp-json\/wp\/v2\/comments?post=1696"}],"version-history":[{"count":6,"href":"https:\/\/www.afghanrubab.com\/en\/wp-json\/wp\/v2\/pages\/1696\/revisions"}],"predecessor-version":[{"id":2083,"href":"https:\/\/www.afghanrubab.com\/en\/wp-json\/wp\/v2\/pages\/1696\/revisions\/2083"}],"wp:attachment":[{"href":"https:\/\/www.afghanrubab.com\/en\/wp-json\/wp\/v2\/media?parent=1696"}],"curies":[{"name":"wp","href":"https:\/\/api.w.org\/{rel}","templated":true}]}}