{"id":1699,"date":"2023-09-02T10:43:49","date_gmt":"2023-09-02T10:43:49","guid":{"rendered":"http:\/\/sylvain-roy.local\/?page_id=1699"},"modified":"2023-11-23T11:32:17","modified_gmt":"2023-11-23T10:32:17","slug":"diffusion-du-rubab-afghan","status":"publish","type":"page","link":"https:\/\/www.afghanrubab.com\/en\/diffusion-du-rubab-afghan\/","title":{"rendered":"Spreading the Afghan Rub\u0101b"},"content":{"rendered":"<div data-elementor-type=\"wp-page\" data-elementor-id=\"1699\" class=\"elementor elementor-1699\">\n\t\t\t\t<div class=\"elementor-element elementor-element-7b83c20 e-flex e-con-boxed e-con e-parent\" data-id=\"7b83c20\" data-element_type=\"container\" data-e-type=\"container\">\n\t\t\t\t\t<div class=\"e-con-inner\">\n\t\t\t\t<div class=\"elementor-element elementor-element-f5b7aa5 elementor-widget elementor-widget-image\" data-id=\"f5b7aa5\" data-element_type=\"widget\" data-e-type=\"widget\" data-widget_type=\"image.default\">\n\t\t\t\t<div class=\"elementor-widget-container\">\n\t\t\t\t\t\t\t\t\t\t\t\t\t\t\t<img fetchpriority=\"high\" decoding=\"async\" width=\"480\" height=\"417\" src=\"https:\/\/www.afghanrubab.com\/wp-content\/uploads\/2023\/10\/Diffusion_Rubab_Afghan-480x417.png\" class=\"attachment-sydney-mas-thumb size-sydney-mas-thumb wp-image-1914\" alt=\"\" srcset=\"https:\/\/www.afghanrubab.com\/wp-content\/uploads\/2023\/10\/Diffusion_Rubab_Afghan-480x417.png 480w, https:\/\/www.afghanrubab.com\/wp-content\/uploads\/2023\/10\/Diffusion_Rubab_Afghan-300x261.png 300w, https:\/\/www.afghanrubab.com\/wp-content\/uploads\/2023\/10\/Diffusion_Rubab_Afghan-768x667.png 768w, https:\/\/www.afghanrubab.com\/wp-content\/uploads\/2023\/10\/Diffusion_Rubab_Afghan-1000x869.png 1000w, https:\/\/www.afghanrubab.com\/wp-content\/uploads\/2023\/10\/Diffusion_Rubab_Afghan-230x200.png 230w, https:\/\/www.afghanrubab.com\/wp-content\/uploads\/2023\/10\/Diffusion_Rubab_Afghan-350x304.png 350w, https:\/\/www.afghanrubab.com\/wp-content\/uploads\/2023\/10\/Diffusion_Rubab_Afghan-420x365.png 420w, https:\/\/www.afghanrubab.com\/wp-content\/uploads\/2023\/10\/Diffusion_Rubab_Afghan-800x695.png 800w, https:\/\/www.afghanrubab.com\/wp-content\/uploads\/2023\/10\/Diffusion_Rubab_Afghan.png 1008w\" sizes=\"(max-width: 480px) 100vw, 480px\" \/>\t\t\t\t\t\t\t\t\t\t\t\t\t\t\t<\/div>\n\t\t\t\t<\/div>\n\t\t\t\t<div class=\"elementor-element elementor-element-3378d2c elementor-widget elementor-widget-text-editor\" data-id=\"3378d2c\" data-element_type=\"widget\" data-e-type=\"widget\" data-widget_type=\"text-editor.default\">\n\t\t\t\t<div class=\"elementor-widget-container\">\n\t\t\t\t\t\t\t\t\t<p><strong>Image: illustration of the 4 phases in the dissemination of Afghan rub\u0101b in Central Asia<\/strong><\/p>\t\t\t\t\t\t\t\t<\/div>\n\t\t\t\t<\/div>\n\t\t\t\t<div class=\"elementor-element elementor-element-c3094e6 elementor-widget elementor-widget-text-editor\" data-id=\"c3094e6\" data-element_type=\"widget\" data-e-type=\"widget\" data-widget_type=\"text-editor.default\">\n\t\t\t\t<div class=\"elementor-widget-container\">\n\t\t\t\t\t\t\t\t\t<p>The hypothesis of the dissemination of the Afghan rub\u0101b in Central Asia is based on the study and analysis of historical and geographical data, as well as on interviews with musicians, luthiers and researchers from the regions concerned. The result is four distinct periods of circulation:<\/p><p>The first period saw the instrument dissemination to the northern regions of the Durrani empire. The Pashtun population was its sole vector. This spread is thought to have begun in the first half of the 18<sup>th<\/sup> century at the latest. (The first period is shown in red on the map).<\/p><p>The second period concerns the dissemination of the instrument outside the Afghan kingdom, in the Hunza and Transoxiana regions. The Pashtun population no longer seems to be the exclusive vector. It appears to have been spread by mixed populations: Pashtun, Turkic, Persian, Kashmiri and Hunzai. This period is thought to have begun in the second half of the 18<sup>th<\/sup> century and would have continued, for the region of northeastern Transoxiana, until the 20<sup>th<\/sup> century. (The second period is  shown in purple on the map).<\/p><p>The third period concerns only the diffusion of instruments transformed according to the needs of Soviet aesthetics. This is a circulation limited to the Transoxiana region. The Soviets, of Uzbek or Tajik nationality, were the exclusive vectors. This diffusion takes place in the middle of the 20<sup>th<\/sup> century. (The third period is shown in green on the map).<\/p><p>Comment traduire le timbre d'un instrument en angalis\nTous\nImages\nVid\u00e9os\nWeb\nLivres\nActualit\u00e9s\nFinance\nOutils\n\nR\u00e9sultats pour Comment traduire le timbre d'un instrument en anglais\nEssayez avec l'orthographe Comment traduire le timbre d'un instrument en angalis\nLangue d\u00e9tect\u00e9e : Fran\u00e7ais\nAnglais\ntimbre d'un instrument\n\nThe fourth period concerns the diffusion of the instrument in Afghan Badakhshan, Wakhan included, as well as the Mashhad region in Iran. This last circulation is part of the progression of the second period. It began at the end of the 20<sup>th<\/sup> century and continues to this day. The vector is multiple, badakhshani for the northeast and herati for Mashhad. (The fourth period is shown in yellow on the map).<\/p>\t\t\t\t\t\t\t\t<\/div>\n\t\t\t\t<\/div>\n\t\t\t\t\t<\/div>\n\t\t\t\t<\/div>\n\t\t\t\t<\/div>","protected":false},"excerpt":{"rendered":"<p>Image\u00a0: illustration des 4 phases de diffusion du rub\u0101b afghan en Asie Centrale L\u2019hypoth\u00e8se de la diffusion du rub\u0101b afghan en Asie [&hellip;]<\/p>\n","protected":false},"author":1,"featured_media":0,"parent":0,"menu_order":0,"comment_status":"closed","ping_status":"closed","template":"","meta":{"footnotes":""},"class_list":["post-1699","page","type-page","status-publish","hentry"],"_links":{"self":[{"href":"https:\/\/www.afghanrubab.com\/en\/wp-json\/wp\/v2\/pages\/1699","targetHints":{"allow":["GET"]}}],"collection":[{"href":"https:\/\/www.afghanrubab.com\/en\/wp-json\/wp\/v2\/pages"}],"about":[{"href":"https:\/\/www.afghanrubab.com\/en\/wp-json\/wp\/v2\/types\/page"}],"author":[{"embeddable":true,"href":"https:\/\/www.afghanrubab.com\/en\/wp-json\/wp\/v2\/users\/1"}],"replies":[{"embeddable":true,"href":"https:\/\/www.afghanrubab.com\/en\/wp-json\/wp\/v2\/comments?post=1699"}],"version-history":[{"count":6,"href":"https:\/\/www.afghanrubab.com\/en\/wp-json\/wp\/v2\/pages\/1699\/revisions"}],"predecessor-version":[{"id":2074,"href":"https:\/\/www.afghanrubab.com\/en\/wp-json\/wp\/v2\/pages\/1699\/revisions\/2074"}],"wp:attachment":[{"href":"https:\/\/www.afghanrubab.com\/en\/wp-json\/wp\/v2\/media?parent=1699"}],"curies":[{"name":"wp","href":"https:\/\/api.w.org\/{rel}","templated":true}]}}