{"id":1946,"date":"2023-10-29T18:29:48","date_gmt":"2023-10-29T17:29:48","guid":{"rendered":"https:\/\/afghanrubab.com\/?page_id=1946"},"modified":"2023-12-09T12:52:53","modified_gmt":"2023-12-09T11:52:53","slug":"archeo-lutherie","status":"publish","type":"page","link":"https:\/\/www.afghanrubab.com\/en\/archeo-lutherie\/","title":{"rendered":"Archaeo-Luthery"},"content":{"rendered":"<div data-elementor-type=\"wp-page\" data-elementor-id=\"1946\" class=\"elementor elementor-1946\">\n\t\t\t\t<div class=\"elementor-element elementor-element-2d7f047 e-con-full e-flex e-con e-parent\" data-id=\"2d7f047\" data-element_type=\"container\" data-e-type=\"container\">\n\t\t\t\t<div class=\"elementor-element elementor-element-caea5b2 elementor-widget elementor-widget-image\" data-id=\"caea5b2\" data-element_type=\"widget\" data-e-type=\"widget\" data-widget_type=\"image.default\">\n\t\t\t\t<div class=\"elementor-widget-container\">\n\t\t\t\t\t\t\t\t\t\t\t\t\t\t\t<img fetchpriority=\"high\" decoding=\"async\" width=\"350\" height=\"784\" src=\"https:\/\/www.afghanrubab.com\/wp-content\/uploads\/2023\/11\/Supperposition-350x784.jpg\" class=\"attachment-sydney-service-thumb size-sydney-service-thumb wp-image-2119\" alt=\"\" srcset=\"https:\/\/www.afghanrubab.com\/wp-content\/uploads\/2023\/11\/Supperposition-350x784.jpg 350w, https:\/\/www.afghanrubab.com\/wp-content\/uploads\/2023\/11\/Supperposition-134x300.jpg 134w, https:\/\/www.afghanrubab.com\/wp-content\/uploads\/2023\/11\/Supperposition-457x1024.jpg 457w, https:\/\/www.afghanrubab.com\/wp-content\/uploads\/2023\/11\/Supperposition-768x1721.jpg 768w, https:\/\/www.afghanrubab.com\/wp-content\/uploads\/2023\/11\/Supperposition-686x1536.jpg 686w, https:\/\/www.afghanrubab.com\/wp-content\/uploads\/2023\/11\/Supperposition-914x2048.jpg 914w, https:\/\/www.afghanrubab.com\/wp-content\/uploads\/2023\/11\/Supperposition-1000x2241.jpg 1000w, https:\/\/www.afghanrubab.com\/wp-content\/uploads\/2023\/11\/Supperposition-230x515.jpg 230w, https:\/\/www.afghanrubab.com\/wp-content\/uploads\/2023\/11\/Supperposition-480x1075.jpg 480w, https:\/\/www.afghanrubab.com\/wp-content\/uploads\/2023\/11\/Supperposition-420x941.jpg 420w, https:\/\/www.afghanrubab.com\/wp-content\/uploads\/2023\/11\/Supperposition-800x1792.jpg 800w, https:\/\/www.afghanrubab.com\/wp-content\/uploads\/2023\/11\/Supperposition-scaled.jpg 1143w\" sizes=\"(max-width: 350px) 100vw, 350px\" \/>\t\t\t\t\t\t\t\t\t\t\t\t\t\t\t<\/div>\n\t\t\t\t<\/div>\n\t\t\t\t<\/div>\n\t\t<div class=\"elementor-element elementor-element-85ee2d1 e-flex e-con-boxed e-con e-parent\" data-id=\"85ee2d1\" data-element_type=\"container\" data-e-type=\"container\">\n\t\t\t\t\t<div class=\"e-con-inner\">\n\t\t\t\t<div class=\"elementor-element elementor-element-9880440 elementor-widget elementor-widget-text-editor\" data-id=\"9880440\" data-element_type=\"widget\" data-e-type=\"widget\" data-widget_type=\"text-editor.default\">\n\t\t\t\t<div class=\"elementor-widget-container\">\n\t\t\t\t\t\t\t\t\t<p><strong>L&rsquo;arch\u00e9o-lutherie exp\u00e9rimentale<\/strong><\/p><p>Les projets d&rsquo;ar\u00e9cho-lutherie exp\u00e9rimentale sur lesquels je travaille concernent les r\u00e9gion d&rsquo;Asie Centrale, ainsi que les territoires voisins. L&rsquo;objet de ces projets s&rsquo;int\u00e9resse aux enjeux du \u00ab\u00a0soudsscape\u00a0\u00bb, ou \u00ab\u00a0paysage sonore\u00a0\u00bb dans lesquels les instruments reconstitu\u00e9s prennent place. Ainsi, la reconstitution de l&rsquo;instrument et la red\u00e9couverte de son timbre ne concerne qu&rsquo;une partie du projet. Le r\u00e9pertoire, la fonction et la relation acoustique entre l&rsquo;instrument et les lieux performatifs repr\u00e9sentent l&rsquo;autre partie de ma d\u00e9marche de reconstitution. Sur cette page ne seront pr\u00e9sent\u00e9s que les reconstitutions instrumentales, les autres \u00e9l\u00e9ments sont discut\u00e9s dans des articles ou expliqu\u00e9s dans les conf\u00e9rences que je pr\u00e9sente en France ou \u00e0 l&rsquo;\u00e9tranger.<\/p><p>La m\u00e9thode mis en \u0153uvre dans ces reconstitutions repose sur une analyse des \u00e9l\u00e9ments historiques disponibles que sont les manuscrits, l&rsquo;iconographie ainsi que les instruments appartenant aux collections priv\u00e9es ou celles des mus\u00e9es nationaux. La d\u00e9marche se veut la plus pr\u00e9cise possible, chacune des phases n\u00e9cessitant une prise de d\u00e9cision s\u2019appuie sur des \u00e9l\u00e9ments factuels permettant de distinguer hi\u00e9rarchiser les proposition entre ce qui est av\u00e9r\u00e9 du probable, ou de l\u2019hypoth\u00e9tique.<\/p>\t\t\t\t\t\t\t\t<\/div>\n\t\t\t\t<\/div>\n\t\t\t\t\t<\/div>\n\t\t\t\t<\/div>\n\t\t<div class=\"elementor-element elementor-element-84ff6aa e-flex e-con-boxed e-con e-parent\" data-id=\"84ff6aa\" data-element_type=\"container\" data-e-type=\"container\">\n\t\t\t\t\t<div class=\"e-con-inner\">\n\t\t<div class=\"elementor-element elementor-element-90497aa e-con-full e-flex e-con e-child\" data-id=\"90497aa\" data-element_type=\"container\" data-e-type=\"container\">\n\t\t\t\t<div class=\"elementor-element elementor-element-b0f143b elementor-widget elementor-widget-heading\" data-id=\"b0f143b\" data-element_type=\"widget\" data-e-type=\"widget\" data-widget_type=\"heading.default\">\n\t\t\t\t<div class=\"elementor-widget-container\">\n\t\t\t\t\t<h2 class=\"elementor-heading-title elementor-size-default\">Le rub\u0101b de Hulbuk<\/h2>\t\t\t\t<\/div>\n\t\t\t\t<\/div>\n\t\t\t\t<div class=\"elementor-element elementor-element-85ef73a elementor-widget elementor-widget-image\" data-id=\"85ef73a\" data-element_type=\"widget\" data-e-type=\"widget\" data-widget_type=\"image.default\">\n\t\t\t\t<div class=\"elementor-widget-container\">\n\t\t\t\t\t\t\t\t\t\t\t\t\t\t\t<img decoding=\"async\" src=\"https:\/\/www.afghanrubab.com\/wp-content\/uploads\/elementor\/thumbs\/Article_corpsplein_600-qfs0ke91fbqtfjm0lojrw8elqybtycimyi870eu46w.jpeg\" title=\"Article_corpsplein_600\" alt=\"Article_corpsplein_600\" loading=\"lazy\" \/>\t\t\t\t\t\t\t\t\t\t\t\t\t\t\t<\/div>\n\t\t\t\t<\/div>\n\t\t\t\t<div class=\"elementor-element elementor-element-6604dab elementor-align-center elementor-widget elementor-widget-button\" data-id=\"6604dab\" data-element_type=\"widget\" data-e-type=\"widget\" data-widget_type=\"button.default\">\n\t\t\t\t<div class=\"elementor-widget-container\">\n\t\t\t\t\t\t\t\t\t<div class=\"elementor-button-wrapper\">\n\t\t\t\t\t<a class=\"elementor-button elementor-button-link elementor-size-sm\" href=\"https:\/\/afghanrubab.com\/index.php\/le-rubab-de-hulbuk\/\">\n\t\t\t\t\t\t<span class=\"elementor-button-content-wrapper\">\n\t\t\t\t\t\t\t\t\t<span class=\"elementor-button-text\">Know more<\/span>\n\t\t\t\t\t<\/span>\n\t\t\t\t\t<\/a>\n\t\t\t\t<\/div>\n\t\t\t\t\t\t\t\t<\/div>\n\t\t\t\t<\/div>\n\t\t\t\t<\/div>\n\t\t<div class=\"elementor-element elementor-element-70d85bd e-con-full e-flex e-con e-child\" data-id=\"70d85bd\" data-element_type=\"container\" data-e-type=\"container\">\n\t\t\t\t<div class=\"elementor-element elementor-element-26a0894 elementor-widget elementor-widget-heading\" data-id=\"26a0894\" data-element_type=\"widget\" data-e-type=\"widget\" data-widget_type=\"heading.default\">\n\t\t\t\t<div class=\"elementor-widget-container\">\n\t\t\t\t\t<h2 class=\"elementor-heading-title elementor-size-default\">Le rub\u0101b persan<\/h2>\t\t\t\t<\/div>\n\t\t\t\t<\/div>\n\t\t\t\t<div class=\"elementor-element elementor-element-6fbd231 elementor-widget elementor-widget-image\" data-id=\"6fbd231\" data-element_type=\"widget\" data-e-type=\"widget\" data-widget_type=\"image.default\">\n\t\t\t\t<div class=\"elementor-widget-container\">\n\t\t\t\t\t\t\t\t\t\t\t\t\t\t\t\t<a href=\"https:\/\/afghanrubab.com\/index.php\/le-rubab-persan\/\">\n\t\t\t\t\t\t\t<img decoding=\"async\" width=\"150\" height=\"300\" src=\"https:\/\/www.afghanrubab.com\/wp-content\/uploads\/2023\/11\/Kanz-al-Tuhaf-dar-musiqi-tete-150x300.png\" class=\"attachment-medium size-medium wp-image-2137\" alt=\"\" srcset=\"https:\/\/www.afghanrubab.com\/wp-content\/uploads\/2023\/11\/Kanz-al-Tuhaf-dar-musiqi-tete-150x300.png 150w, https:\/\/www.afghanrubab.com\/wp-content\/uploads\/2023\/11\/Kanz-al-Tuhaf-dar-musiqi-tete-512x1024.png 512w, https:\/\/www.afghanrubab.com\/wp-content\/uploads\/2023\/11\/Kanz-al-Tuhaf-dar-musiqi-tete-768x1536.png 768w, https:\/\/www.afghanrubab.com\/wp-content\/uploads\/2023\/11\/Kanz-al-Tuhaf-dar-musiqi-tete-1024x2048.png 1024w, https:\/\/www.afghanrubab.com\/wp-content\/uploads\/2023\/11\/Kanz-al-Tuhaf-dar-musiqi-tete-1000x2000.png 1000w, https:\/\/www.afghanrubab.com\/wp-content\/uploads\/2023\/11\/Kanz-al-Tuhaf-dar-musiqi-tete-230x460.png 230w, https:\/\/www.afghanrubab.com\/wp-content\/uploads\/2023\/11\/Kanz-al-Tuhaf-dar-musiqi-tete-350x700.png 350w, https:\/\/www.afghanrubab.com\/wp-content\/uploads\/2023\/11\/Kanz-al-Tuhaf-dar-musiqi-tete-480x960.png 480w, https:\/\/www.afghanrubab.com\/wp-content\/uploads\/2023\/11\/Kanz-al-Tuhaf-dar-musiqi-tete-420x840.png 420w, https:\/\/www.afghanrubab.com\/wp-content\/uploads\/2023\/11\/Kanz-al-Tuhaf-dar-musiqi-tete-800x1600.png 800w\" sizes=\"(max-width: 150px) 100vw, 150px\" \/>\t\t\t\t\t\t\t\t<\/a>\n\t\t\t\t\t\t\t\t\t\t\t\t\t\t\t<\/div>\n\t\t\t\t<\/div>\n\t\t\t\t<div class=\"elementor-element elementor-element-ee0f653 elementor-align-center elementor-widget elementor-widget-button\" data-id=\"ee0f653\" data-element_type=\"widget\" data-e-type=\"widget\" data-widget_type=\"button.default\">\n\t\t\t\t<div class=\"elementor-widget-container\">\n\t\t\t\t\t\t\t\t\t<div class=\"elementor-button-wrapper\">\n\t\t\t\t\t<a class=\"elementor-button elementor-button-link elementor-size-sm\" href=\"https:\/\/afghanrubab.com\/index.php\/le-rubab-persan\/\">\n\t\t\t\t\t\t<span class=\"elementor-button-content-wrapper\">\n\t\t\t\t\t\t\t\t\t<span class=\"elementor-button-text\">Know more<\/span>\n\t\t\t\t\t<\/span>\n\t\t\t\t\t<\/a>\n\t\t\t\t<\/div>\n\t\t\t\t\t\t\t\t<\/div>\n\t\t\t\t<\/div>\n\t\t\t\t<\/div>\n\t\t<div class=\"elementor-element elementor-element-88dae89 e-con-full e-flex e-con e-child\" data-id=\"88dae89\" data-element_type=\"container\" data-e-type=\"container\">\n\t\t\t\t<div class=\"elementor-element elementor-element-7eb95d7 elementor-widget elementor-widget-heading\" data-id=\"7eb95d7\" data-element_type=\"widget\" data-e-type=\"widget\" data-widget_type=\"heading.default\">\n\t\t\t\t<div class=\"elementor-widget-container\">\n\t\t\t\t\t<h2 class=\"elementor-heading-title elementor-size-default\">Le rub\u0101b de Bichitr<\/h2>\t\t\t\t<\/div>\n\t\t\t\t<\/div>\n\t\t\t\t<div class=\"elementor-element elementor-element-932e3f1 elementor-widget elementor-widget-image\" data-id=\"932e3f1\" data-element_type=\"widget\" data-e-type=\"widget\" data-widget_type=\"image.default\">\n\t\t\t\t<div class=\"elementor-widget-container\">\n\t\t\t\t\t\t\t\t\t\t\t\t\t\t\t\t<a href=\"https:\/\/afghanrubab.com\/index.php\/le-rubab-de-bichitr\/\">\n\t\t\t\t\t\t\t<img decoding=\"async\" src=\"https:\/\/www.afghanrubab.com\/wp-content\/uploads\/elementor\/thumbs\/Plans_B-1-qfs3tg3ihlz97fl63s09w720tbebhg7bdutxfva7co.png\" title=\"Plans_B\" alt=\"Plans_B\" loading=\"lazy\" \/>\t\t\t\t\t\t\t\t<\/a>\n\t\t\t\t\t\t\t\t\t\t\t\t\t\t\t<\/div>\n\t\t\t\t<\/div>\n\t\t\t\t<div class=\"elementor-element elementor-element-6c408f1 elementor-align-center elementor-widget elementor-widget-button\" data-id=\"6c408f1\" data-element_type=\"widget\" data-e-type=\"widget\" data-widget_type=\"button.default\">\n\t\t\t\t<div class=\"elementor-widget-container\">\n\t\t\t\t\t\t\t\t\t<div class=\"elementor-button-wrapper\">\n\t\t\t\t\t<a class=\"elementor-button elementor-button-link elementor-size-sm\" href=\"https:\/\/afghanrubab.com\/index.php\/le-rubab-de-bichitr\/\">\n\t\t\t\t\t\t<span class=\"elementor-button-content-wrapper\">\n\t\t\t\t\t\t\t\t\t<span class=\"elementor-button-text\">Cliquez ici<\/span>\n\t\t\t\t\t<\/span>\n\t\t\t\t\t<\/a>\n\t\t\t\t<\/div>\n\t\t\t\t\t\t\t\t<\/div>\n\t\t\t\t<\/div>\n\t\t\t\t<\/div>\n\t\t<div class=\"elementor-element elementor-element-232f3bf e-con-full e-flex e-con e-child\" data-id=\"232f3bf\" data-element_type=\"container\" data-e-type=\"container\">\n\t\t\t\t<div class=\"elementor-element elementor-element-7487a1b elementor-widget elementor-widget-heading\" data-id=\"7487a1b\" data-element_type=\"widget\" data-e-type=\"widget\" data-widget_type=\"heading.default\">\n\t\t\t\t<div class=\"elementor-widget-container\">\n\t\t\t\t\t<h2 class=\"elementor-heading-title elementor-size-default\">Le rub\u0101b moghol<\/h2>\t\t\t\t<\/div>\n\t\t\t\t<\/div>\n\t\t\t\t<div class=\"elementor-element elementor-element-48fe3bb elementor-widget elementor-widget-image\" data-id=\"48fe3bb\" data-element_type=\"widget\" data-e-type=\"widget\" data-widget_type=\"image.default\">\n\t\t\t\t<div class=\"elementor-widget-container\">\n\t\t\t\t\t\t\t\t\t\t\t\t\t\t\t\t<a href=\"https:\/\/afghanrubab.com\/index.php\/le-qobuz-moghol\/\">\n\t\t\t\t\t\t\t<img decoding=\"async\" width=\"1024\" height=\"1024\" src=\"https:\/\/www.afghanrubab.com\/wp-content\/uploads\/2023\/11\/Qobuz-face-et-profil-mesures-1024x1024.png\" class=\"attachment-large size-large wp-image-2159\" alt=\"\" srcset=\"https:\/\/www.afghanrubab.com\/wp-content\/uploads\/2023\/11\/Qobuz-face-et-profil-mesures-1024x1024.png 1024w, https:\/\/www.afghanrubab.com\/wp-content\/uploads\/2023\/11\/Qobuz-face-et-profil-mesures-300x300.png 300w, https:\/\/www.afghanrubab.com\/wp-content\/uploads\/2023\/11\/Qobuz-face-et-profil-mesures-150x150.png 150w, https:\/\/www.afghanrubab.com\/wp-content\/uploads\/2023\/11\/Qobuz-face-et-profil-mesures-768x768.png 768w, https:\/\/www.afghanrubab.com\/wp-content\/uploads\/2023\/11\/Qobuz-face-et-profil-mesures-1536x1536.png 1536w, https:\/\/www.afghanrubab.com\/wp-content\/uploads\/2023\/11\/Qobuz-face-et-profil-mesures-2048x2048.png 2048w, https:\/\/www.afghanrubab.com\/wp-content\/uploads\/2023\/11\/Qobuz-face-et-profil-mesures-1000x1000.png 1000w, https:\/\/www.afghanrubab.com\/wp-content\/uploads\/2023\/11\/Qobuz-face-et-profil-mesures-230x230.png 230w, https:\/\/www.afghanrubab.com\/wp-content\/uploads\/2023\/11\/Qobuz-face-et-profil-mesures-350x350.png 350w, https:\/\/www.afghanrubab.com\/wp-content\/uploads\/2023\/11\/Qobuz-face-et-profil-mesures-480x480.png 480w, https:\/\/www.afghanrubab.com\/wp-content\/uploads\/2023\/11\/Qobuz-face-et-profil-mesures-420x420.png 420w, https:\/\/www.afghanrubab.com\/wp-content\/uploads\/2023\/11\/Qobuz-face-et-profil-mesures-800x800.png 800w, https:\/\/www.afghanrubab.com\/wp-content\/uploads\/2023\/11\/Qobuz-face-et-profil-mesures-100x100.png 100w\" sizes=\"(max-width: 1024px) 100vw, 1024px\" \/>\t\t\t\t\t\t\t\t<\/a>\n\t\t\t\t\t\t\t\t\t\t\t\t\t\t\t<\/div>\n\t\t\t\t<\/div>\n\t\t\t\t<div class=\"elementor-element elementor-element-bbf36ee elementor-align-center elementor-widget elementor-widget-button\" data-id=\"bbf36ee\" data-element_type=\"widget\" data-e-type=\"widget\" data-widget_type=\"button.default\">\n\t\t\t\t<div class=\"elementor-widget-container\">\n\t\t\t\t\t\t\t\t\t<div class=\"elementor-button-wrapper\">\n\t\t\t\t\t<a class=\"elementor-button elementor-button-link elementor-size-sm\" href=\"https:\/\/afghanrubab.com\/index.php\/le-qobuz-moghol\/\">\n\t\t\t\t\t\t<span class=\"elementor-button-content-wrapper\">\n\t\t\t\t\t\t\t\t\t<span class=\"elementor-button-text\">Cliquez ici<\/span>\n\t\t\t\t\t<\/span>\n\t\t\t\t\t<\/a>\n\t\t\t\t<\/div>\n\t\t\t\t\t\t\t\t<\/div>\n\t\t\t\t<\/div>\n\t\t\t\t<\/div>\n\t\t\t\t\t<\/div>\n\t\t\t\t<\/div>\n\t\t\t\t<\/div>","protected":false},"excerpt":{"rendered":"<p>L&rsquo;arch\u00e9o-lutherie exp\u00e9rimentale Les projets d&rsquo;ar\u00e9cho-lutherie exp\u00e9rimentale sur lesquels je travaille concernent les r\u00e9gion d&rsquo;Asie Centrale, ainsi que les territoires voisins. L&rsquo;objet de [&hellip;]<\/p>\n","protected":false},"author":1,"featured_media":0,"parent":0,"menu_order":0,"comment_status":"closed","ping_status":"closed","template":"","meta":{"footnotes":""},"class_list":["post-1946","page","type-page","status-publish","hentry"],"_links":{"self":[{"href":"https:\/\/www.afghanrubab.com\/en\/wp-json\/wp\/v2\/pages\/1946","targetHints":{"allow":["GET"]}}],"collection":[{"href":"https:\/\/www.afghanrubab.com\/en\/wp-json\/wp\/v2\/pages"}],"about":[{"href":"https:\/\/www.afghanrubab.com\/en\/wp-json\/wp\/v2\/types\/page"}],"author":[{"embeddable":true,"href":"https:\/\/www.afghanrubab.com\/en\/wp-json\/wp\/v2\/users\/1"}],"replies":[{"embeddable":true,"href":"https:\/\/www.afghanrubab.com\/en\/wp-json\/wp\/v2\/comments?post=1946"}],"version-history":[{"count":49,"href":"https:\/\/www.afghanrubab.com\/en\/wp-json\/wp\/v2\/pages\/1946\/revisions"}],"predecessor-version":[{"id":2407,"href":"https:\/\/www.afghanrubab.com\/en\/wp-json\/wp\/v2\/pages\/1946\/revisions\/2407"}],"wp:attachment":[{"href":"https:\/\/www.afghanrubab.com\/en\/wp-json\/wp\/v2\/media?parent=1946"}],"curies":[{"name":"wp","href":"https:\/\/api.w.org\/{rel}","templated":true}]}}