{"id":1951,"date":"2023-10-29T18:34:20","date_gmt":"2023-10-29T17:34:20","guid":{"rendered":"https:\/\/afghanrubab.com\/?page_id=1951"},"modified":"2024-08-27T12:58:43","modified_gmt":"2024-08-27T10:58:43","slug":"restaurations-ventes","status":"publish","type":"page","link":"https:\/\/www.afghanrubab.com\/en\/restaurations-ventes\/","title":{"rendered":"Restoration and retail"},"content":{"rendered":"<div data-elementor-type=\"wp-page\" data-elementor-id=\"1951\" class=\"elementor elementor-1951\">\n\t\t\t\t<div class=\"elementor-element elementor-element-a8222de e-flex e-con-boxed e-con e-parent\" data-id=\"a8222de\" data-element_type=\"container\" data-e-type=\"container\">\n\t\t\t\t\t<div class=\"e-con-inner\">\n\t\t\t\t<div class=\"elementor-element elementor-element-7086792 elementor-widget elementor-widget-image\" data-id=\"7086792\" data-element_type=\"widget\" data-e-type=\"widget\" data-widget_type=\"image.default\">\n\t\t\t\t<div class=\"elementor-widget-container\">\n\t\t\t\t\t\t\t\t\t\t\t\t\t\t\t<img fetchpriority=\"high\" decoding=\"async\" width=\"1024\" height=\"576\" src=\"https:\/\/www.afghanrubab.com\/wp-content\/uploads\/2023\/10\/20221120_115212-1024x576.jpg\" class=\"attachment-large size-large wp-image-2030\" alt=\"\" srcset=\"https:\/\/www.afghanrubab.com\/wp-content\/uploads\/2023\/10\/20221120_115212-1024x576.jpg 1024w, https:\/\/www.afghanrubab.com\/wp-content\/uploads\/2023\/10\/20221120_115212-300x169.jpg 300w, https:\/\/www.afghanrubab.com\/wp-content\/uploads\/2023\/10\/20221120_115212-768x432.jpg 768w, https:\/\/www.afghanrubab.com\/wp-content\/uploads\/2023\/10\/20221120_115212-1536x864.jpg 1536w, https:\/\/www.afghanrubab.com\/wp-content\/uploads\/2023\/10\/20221120_115212-2048x1152.jpg 2048w, https:\/\/www.afghanrubab.com\/wp-content\/uploads\/2023\/10\/20221120_115212-1000x563.jpg 1000w, https:\/\/www.afghanrubab.com\/wp-content\/uploads\/2023\/10\/20221120_115212-230x129.jpg 230w, https:\/\/www.afghanrubab.com\/wp-content\/uploads\/2023\/10\/20221120_115212-350x197.jpg 350w, https:\/\/www.afghanrubab.com\/wp-content\/uploads\/2023\/10\/20221120_115212-480x270.jpg 480w, https:\/\/www.afghanrubab.com\/wp-content\/uploads\/2023\/10\/20221120_115212-420x236.jpg 420w, https:\/\/www.afghanrubab.com\/wp-content\/uploads\/2023\/10\/20221120_115212-800x450.jpg 800w\" sizes=\"(max-width: 1024px) 100vw, 1024px\" \/>\t\t\t\t\t\t\t\t\t\t\t\t\t\t\t<\/div>\n\t\t\t\t<\/div>\n\t\t\t\t\t<\/div>\n\t\t\t\t<\/div>\n\t\t<div class=\"elementor-element elementor-element-0beedea e-flex e-con-boxed e-con e-parent\" data-id=\"0beedea\" data-element_type=\"container\" data-e-type=\"container\">\n\t\t\t\t\t<div class=\"e-con-inner\">\n\t\t\t\t<div class=\"elementor-element elementor-element-103c72b elementor-widget elementor-widget-text-editor\" data-id=\"103c72b\" data-element_type=\"widget\" data-e-type=\"widget\" data-widget_type=\"text-editor.default\">\n\t\t\t\t<div class=\"elementor-widget-container\">\n\t\t\t\t\t\t\t\t\t<p>Photographie : L&rsquo;atelier improvis\u00e9 pour la restauration d&rsquo;instruments<\/p>\t\t\t\t\t\t\t\t<\/div>\n\t\t\t\t<\/div>\n\t\t\t\t\t<\/div>\n\t\t\t\t<\/div>\n\t\t<div class=\"elementor-element elementor-element-f51a4d3 e-flex e-con-boxed e-con e-parent\" data-id=\"f51a4d3\" data-element_type=\"container\" data-e-type=\"container\">\n\t\t\t\t\t<div class=\"e-con-inner\">\n\t\t\t\t<div class=\"elementor-element elementor-element-2f56a08 elementor-widget elementor-widget-text-editor\" data-id=\"2f56a08\" data-element_type=\"widget\" data-e-type=\"widget\" data-widget_type=\"text-editor.default\">\n\t\t\t\t<div class=\"elementor-widget-container\">\n\t\t\t\t\t\t\t\t\t<p>Passionn\u00e9 d\u2019organologie, j\u2019aborde mes recherches musicologiques \u00e0 partir de l\u2019instrument, avec un int\u00e9r\u00eat tout particulier pour son timbre. De par sa dimension sonore et symbolique, l&rsquo;instrument de musique est un objet complexe . Il constitue un marqueur temporel et g\u00e9ographique significatif. En effet, l\u2019instrument de musique pr\u00e9sente \u00e0 sa mani\u00e8re les diff\u00e9rents changements intervenus dans l\u2019histoire des soci\u00e9t\u00e9s et il est possible d\u2019en appr\u00e9cier les effets sur la production musicale. Mes recherches s\u2019attachent donc \u00e0 identifier et \u00e0 comprendre ces \u00e9v\u00e8nements, et d\u2019en observer l\u2019interpr\u00e9tation qu\u2019en font, au plan organologique et musicologique, les populations des aires g\u00e9ographiques \u00e9tudi\u00e9es.<\/p><p>La restauration d&rsquo;instruments centrasiatiques constitue l&rsquo;une des approches de ma m\u00e9thode d&rsquo;analyse ethnomusicologique. Cela permet de reconna\u00eetre le travail d&rsquo;un luth et sa mani\u00e8re personnelle d&rsquo;aborder la construction de ses instruments. En \u00e9tudiant les diff\u00e9rents mat\u00e9riaux rentrant dans la fabrication, j&rsquo;ai pu constater qu&rsquo;ils \u00e9taient communs \u00e0 des aires g\u00e9ographiques : l&rsquo;usage du plastic dans les \u00e9l\u00e9ments de d\u00e9cors correspond \u00e0 l&rsquo;approche de Herat, l&rsquo;incrustation d&rsquo;un fils de m\u00e9tal torsad\u00e9 est fr\u00e9quent chez les luthiers pakistanais, tout comme l&#8217;emploi du lapis lazuli. On voit appara\u00eetre depuis peu l&rsquo;usage de mat\u00e9riaux modernes : colle blanche, colle cyanolite. L&rsquo;assemblage des \u00e9l\u00e9ments en bois, voire m\u00eame en peau, avec ces colles n&rsquo;est pas toujours heureux. Il permet un travail plus rapide, mais en contrepartie, le montage n&rsquo;est pas toujours r\u00e9versible.<\/p><p>Les instruments restaur\u00e9s, ainsi que certains de ceux qui ont particip\u00e9 \u00e0 la r\u00e9alisation de mes recherches, sont mis en vente. Les gains retir\u00e9s permettent l&rsquo;achat d&rsquo;outils et de financer la continuit\u00e9 de mes \u00e9tudes.<\/p>\t\t\t\t\t\t\t\t<\/div>\n\t\t\t\t<\/div>\n\t\t\t\t\t<\/div>\n\t\t\t\t<\/div>\n\t\t\t\t<\/div>","protected":false},"excerpt":{"rendered":"<p>Photographie : L&rsquo;atelier improvis\u00e9 pour la restauration d&rsquo;instruments Passionn\u00e9 d\u2019organologie, j\u2019aborde mes recherches musicologiques \u00e0 partir de l\u2019instrument, avec un int\u00e9r\u00eat tout [&hellip;]<\/p>\n","protected":false},"author":1,"featured_media":0,"parent":0,"menu_order":0,"comment_status":"closed","ping_status":"closed","template":"","meta":{"footnotes":""},"class_list":["post-1951","page","type-page","status-publish","hentry"],"_links":{"self":[{"href":"https:\/\/www.afghanrubab.com\/en\/wp-json\/wp\/v2\/pages\/1951","targetHints":{"allow":["GET"]}}],"collection":[{"href":"https:\/\/www.afghanrubab.com\/en\/wp-json\/wp\/v2\/pages"}],"about":[{"href":"https:\/\/www.afghanrubab.com\/en\/wp-json\/wp\/v2\/types\/page"}],"author":[{"embeddable":true,"href":"https:\/\/www.afghanrubab.com\/en\/wp-json\/wp\/v2\/users\/1"}],"replies":[{"embeddable":true,"href":"https:\/\/www.afghanrubab.com\/en\/wp-json\/wp\/v2\/comments?post=1951"}],"version-history":[{"count":10,"href":"https:\/\/www.afghanrubab.com\/en\/wp-json\/wp\/v2\/pages\/1951\/revisions"}],"predecessor-version":[{"id":2508,"href":"https:\/\/www.afghanrubab.com\/en\/wp-json\/wp\/v2\/pages\/1951\/revisions\/2508"}],"wp:attachment":[{"href":"https:\/\/www.afghanrubab.com\/en\/wp-json\/wp\/v2\/media?parent=1951"}],"curies":[{"name":"wp","href":"https:\/\/api.w.org\/{rel}","templated":true}]}}