{"id":1976,"date":"2023-10-29T19:23:04","date_gmt":"2023-10-29T18:23:04","guid":{"rendered":"https:\/\/afghanrubab.com\/?page_id=1976"},"modified":"2023-11-30T12:35:11","modified_gmt":"2023-11-30T11:35:11","slug":"ventes","status":"publish","type":"page","link":"https:\/\/www.afghanrubab.com\/en\/ventes\/","title":{"rendered":"Retail"},"content":{"rendered":"<div data-elementor-type=\"wp-page\" data-elementor-id=\"1976\" class=\"elementor elementor-1976\">\n\t\t\t\t<div class=\"elementor-element elementor-element-dc94cfb e-flex e-con-boxed e-con e-parent\" data-id=\"dc94cfb\" data-element_type=\"container\" data-e-type=\"container\">\n\t\t\t\t\t<div class=\"e-con-inner\">\n\t\t\t\t<div class=\"elementor-element elementor-element-c2a2dac elementor-widget elementor-widget-image\" data-id=\"c2a2dac\" data-element_type=\"widget\" data-e-type=\"widget\" data-widget_type=\"image.default\">\n\t\t\t\t<div class=\"elementor-widget-container\">\n\t\t\t\t\t\t\t\t\t\t\t\t\t\t\t<img fetchpriority=\"high\" decoding=\"async\" width=\"1024\" height=\"852\" src=\"https:\/\/www.afghanrubab.com\/wp-content\/uploads\/2023\/11\/Rubab1-1024x852.png\" class=\"attachment-large size-large wp-image-2284\" alt=\"\" srcset=\"\" sizes=\"(max-width: 1024px) 100vw, 1024px\" data-srcset=\"\" \/>\t\t\t\t\t\t\t\t\t\t\t\t\t\t\t<\/div>\n\t\t\t\t<\/div>\n\t\t\t\t<div class=\"elementor-element elementor-element-663684c elementor-widget elementor-widget-text-editor\" data-id=\"663684c\" data-element_type=\"widget\" data-e-type=\"widget\" data-widget_type=\"text-editor.default\">\n\t\t\t\t<div class=\"elementor-widget-container\">\n\t\t\t\t\t\t\t\t\t<p><strong>Photo above: Afghan Rub\u0101b brought back from Kabul in 1973. This instrument is over 50 years old. It was fully restored in 2019. Very rare, it is mounted in 5 strings. Size 64 cm, vibrating string length 58 cm. Stamp similar to the Afghan rubab from Tajikistan. Ideal for a collector. Sold in October 2024.<br \/><\/strong><\/p>\t\t\t\t\t\t\t\t<\/div>\n\t\t\t\t<\/div>\n\t\t\t\t\t<\/div>\n\t\t\t\t<\/div>\n\t\t<div class=\"elementor-element elementor-element-b3cca39 e-flex e-con-boxed e-con e-parent\" data-id=\"b3cca39\" data-element_type=\"container\" data-e-type=\"container\">\n\t\t\t\t\t<div class=\"e-con-inner\">\n\t\t\t\t<div class=\"elementor-element elementor-element-54f092c elementor-widget elementor-widget-image\" data-id=\"54f092c\" data-element_type=\"widget\" data-e-type=\"widget\" data-widget_type=\"image.default\">\n\t\t\t\t<div class=\"elementor-widget-container\">\n\t\t\t\t\t\t\t\t\t\t\t\t\t\t\t<img decoding=\"async\" width=\"1024\" height=\"889\" src=\"https:\/\/www.afghanrubab.com\/wp-content\/uploads\/2023\/11\/Rubab2-1024x889.png\" class=\"attachment-large size-large wp-image-2290\" alt=\"\" srcset=\"\" sizes=\"(max-width: 1024px) 100vw, 1024px\" data-srcset=\"\" \/>\t\t\t\t\t\t\t\t\t\t\t\t\t\t\t<\/div>\n\t\t\t\t<\/div>\n\t\t\t\t<div class=\"elementor-element elementor-element-a7374a7 elementor-widget elementor-widget-text-editor\" data-id=\"a7374a7\" data-element_type=\"widget\" data-e-type=\"widget\" data-widget_type=\"text-editor.default\">\n\t\t\t\t<div class=\"elementor-widget-container\">\n\t\t\t\t\t\t\t\t\t<p><strong>Photo above: is a <em>sarod<\/em> or ancient Afghan rub\u0101b. The shape of the instrument is unusual and does not correspond to Afghan or Pakistani manufacture. It is likely to be a <em>sarod.<\/em> It is a large 67 cm vibrating string. The shape is reminiscent of a sarod before the metal fingerboard was added. The instrument has been restored to playable condition and sounds fine. <br \/><\/strong><\/p>\t\t\t\t\t\t\t\t<\/div>\n\t\t\t\t<\/div>\n\t\t\t\t\t<\/div>\n\t\t\t\t<\/div>\n\t\t<div class=\"elementor-element elementor-element-9649dba e-flex e-con-boxed e-con e-parent\" data-id=\"9649dba\" data-element_type=\"container\" data-e-type=\"container\">\n\t\t\t\t\t<div class=\"e-con-inner\">\n\t\t\t\t<div class=\"elementor-element elementor-element-b1079c6 elementor-widget elementor-widget-image\" data-id=\"b1079c6\" data-element_type=\"widget\" data-e-type=\"widget\" data-widget_type=\"image.default\">\n\t\t\t\t<div class=\"elementor-widget-container\">\n\t\t\t\t\t\t\t\t\t\t\t\t\t\t\t<img decoding=\"async\" width=\"1024\" height=\"903\" src=\"https:\/\/www.afghanrubab.com\/wp-content\/uploads\/2023\/11\/Sarinda-1024x903.png\" class=\"attachment-large size-large wp-image-2291\" alt=\"\" srcset=\"\" sizes=\"(max-width: 1024px) 100vw, 1024px\" data-srcset=\"\" \/>\t\t\t\t\t\t\t\t\t\t\t\t\t\t\t<\/div>\n\t\t\t\t<\/div>\n\t\t\t\t<div class=\"elementor-element elementor-element-37c6b68 elementor-widget elementor-widget-text-editor\" data-id=\"37c6b68\" data-element_type=\"widget\" data-e-type=\"widget\" data-widget_type=\"text-editor.default\">\n\t\t\t\t<div class=\"elementor-widget-container\">\n\t\t\t\t\t\t\t\t\t<p><strong>Photograph above: Sorud\/sarinda from Sistan. The instrument is large and signed on the right-hand side. Fully restored, it is in playable condition. <br \/><\/strong><\/p>\t\t\t\t\t\t\t\t<\/div>\n\t\t\t\t<\/div>\n\t\t\t\t\t<\/div>\n\t\t\t\t<\/div>\n\t\t<div class=\"elementor-element elementor-element-f536f1f e-flex e-con-boxed e-con e-parent\" data-id=\"f536f1f\" data-element_type=\"container\" data-e-type=\"container\">\n\t\t\t\t\t<div class=\"e-con-inner\">\n\t\t\t\t<div class=\"elementor-element elementor-element-8683a17 elementor-widget elementor-widget-image\" data-id=\"8683a17\" data-element_type=\"widget\" data-e-type=\"widget\" data-widget_type=\"image.default\">\n\t\t\t\t<div class=\"elementor-widget-container\">\n\t\t\t\t\t\t\t\t\t\t\t\t\t\t\t<img loading=\"lazy\" decoding=\"async\" width=\"350\" height=\"622\" src=\"https:\/\/www.afghanrubab.com\/wp-content\/uploads\/2023\/11\/20230817_100833-350x622.jpg\" class=\"attachment-sydney-service-thumb size-sydney-service-thumb wp-image-2297\" alt=\"\" srcset=\"\" sizes=\"(max-width: 350px) 100vw, 350px\" data-srcset=\"\" \/>\t\t\t\t\t\t\t\t\t\t\t\t\t\t\t<\/div>\n\t\t\t\t<\/div>\n\t\t\t\t<div class=\"elementor-element elementor-element-0a78de2 elementor-widget elementor-widget-text-editor\" data-id=\"0a78de2\" data-element_type=\"widget\" data-e-type=\"widget\" data-widget_type=\"text-editor.default\">\n\t\t\t\t<div class=\"elementor-widget-container\">\n\t\t\t\t\t\t\t\t\t<p><strong>Photograph above: An old Afghan <em>tanbur<\/em> restored. Total length 107cm. Vibrating string length 88cm. The instrument sounds wonderful in G.<br \/><\/strong><\/p>\t\t\t\t\t\t\t\t<\/div>\n\t\t\t\t<\/div>\n\t\t\t\t<div class=\"elementor-element elementor-element-dfc8558 elementor-widget elementor-widget-image\" data-id=\"dfc8558\" data-element_type=\"widget\" data-e-type=\"widget\" data-widget_type=\"image.default\">\n\t\t\t\t<div class=\"elementor-widget-container\">\n\t\t\t\t\t\t\t\t\t\t\t\t\t\t\t<img loading=\"lazy\" decoding=\"async\" width=\"350\" height=\"622\" src=\"https:\/\/www.afghanrubab.com\/wp-content\/uploads\/2023\/11\/20221106_163025-350x622.jpg\" class=\"attachment-sydney-service-thumb size-sydney-service-thumb wp-image-2295\" alt=\"\" srcset=\"\" sizes=\"(max-width: 350px) 100vw, 350px\" data-srcset=\"\" \/>\t\t\t\t\t\t\t\t\t\t\t\t\t\t\t<\/div>\n\t\t\t\t<\/div>\n\t\t\t\t\t<\/div>\n\t\t\t\t<\/div>\n\t\t<div class=\"elementor-element elementor-element-4b8d065 e-flex e-con-boxed e-con e-parent\" data-id=\"4b8d065\" data-element_type=\"container\" data-e-type=\"container\">\n\t\t\t\t\t<div class=\"e-con-inner\">\n\t\t\t\t<div class=\"elementor-element elementor-element-6b5b2e3 elementor-widget elementor-widget-text-editor\" data-id=\"6b5b2e3\" data-element_type=\"widget\" data-e-type=\"widget\" data-widget_type=\"text-editor.default\">\n\t\t\t\t<div class=\"elementor-widget-container\">\n\t\t\t\t\t\t\t\t\t<p><strong>Photo above: An Afghan <em>Sugudu,<\/em> or <em>qobuz,<\/em> based on plans I drew up myself. The body is made from several pieces of apricot wood. The neck is also made of apricot. The 3 silk strings and a bridge made of horn.<\/strong><\/p>\t\t\t\t\t\t\t\t<\/div>\n\t\t\t\t<\/div>\n\t\t\t\t\t<\/div>\n\t\t\t\t<\/div>\n\t\t<div class=\"elementor-element elementor-element-53e094f e-flex e-con-boxed e-con e-parent\" data-id=\"53e094f\" data-element_type=\"container\" data-e-type=\"container\">\n\t\t\t\t\t<div class=\"e-con-inner\">\n\t\t\t\t<div class=\"elementor-element elementor-element-8f79ec1 elementor-widget elementor-widget-image\" data-id=\"8f79ec1\" data-element_type=\"widget\" data-e-type=\"widget\" data-widget_type=\"image.default\">\n\t\t\t\t<div class=\"elementor-widget-container\">\n\t\t\t\t\t\t\t\t\t\t\t\t\t\t\t<img loading=\"lazy\" decoding=\"async\" width=\"350\" height=\"705\" src=\"https:\/\/www.afghanrubab.com\/wp-content\/uploads\/2023\/11\/20230220_143620-350x705.jpg\" class=\"attachment-sydney-service-thumb size-sydney-service-thumb wp-image-2296\" alt=\"\" srcset=\"\" sizes=\"(max-width: 350px) 100vw, 350px\" data-srcset=\"\" \/>\t\t\t\t\t\t\t\t\t\t\t\t\t\t\t<\/div>\n\t\t\t\t<\/div>\n\t\t\t\t<div class=\"elementor-element elementor-element-ad0a374 elementor-widget elementor-widget-text-editor\" data-id=\"ad0a374\" data-element_type=\"widget\" data-e-type=\"widget\" data-widget_type=\"text-editor.default\">\n\t\t\t\t<div class=\"elementor-widget-container\">\n\t\t\t\t\t\t\t\t\t<p><strong>Photograph above : Uzbek 4-string sato or tanbur made in Tashkent. Old instrument, probably late 90s. Sold in December 2023.<br \/>Total length 122 cm. Tone G.<br \/><\/strong><\/p>\t\t\t\t\t\t\t\t<\/div>\n\t\t\t\t<\/div>\n\t\t\t\t\t<\/div>\n\t\t\t\t<\/div>\n\t\t<div class=\"elementor-element elementor-element-ff4c55a e-flex e-con-boxed e-con e-parent\" data-id=\"ff4c55a\" data-element_type=\"container\" data-e-type=\"container\">\n\t\t\t\t\t<div class=\"e-con-inner\">\n\t\t\t\t<div class=\"elementor-element elementor-element-56c0c8b elementor-widget elementor-widget-image\" data-id=\"56c0c8b\" data-element_type=\"widget\" data-e-type=\"widget\" data-widget_type=\"image.default\">\n\t\t\t\t<div class=\"elementor-widget-container\">\n\t\t\t\t\t\t\t\t\t\t\t\t\t\t\t<img loading=\"lazy\" decoding=\"async\" width=\"350\" height=\"622\" src=\"https:\/\/www.afghanrubab.com\/wp-content\/uploads\/2023\/11\/20230912_171507-350x622.jpg\" class=\"attachment-sydney-service-thumb size-sydney-service-thumb wp-image-2298\" alt=\"\" srcset=\"\" sizes=\"(max-width: 350px) 100vw, 350px\" data-srcset=\"\" \/>\t\t\t\t\t\t\t\t\t\t\t\t\t\t\t<\/div>\n\t\t\t\t<\/div>\n\t\t\t\t<div class=\"elementor-element elementor-element-cc06ea6 elementor-widget elementor-widget-text-editor\" data-id=\"cc06ea6\" data-element_type=\"widget\" data-e-type=\"widget\" data-widget_type=\"text-editor.default\">\n\t\t\t\t<div class=\"elementor-widget-container\">\n\t\t\t\t\t\t\t\t\t<p><strong>Photograph above: An old Afghan <em>tanbur<\/em> restored. Length 130 cm. Vibrating string length 108 cm. Tone G. Bone decoration. <br \/><\/strong><\/p>\t\t\t\t\t\t\t\t<\/div>\n\t\t\t\t<\/div>\n\t\t\t\t\t<\/div>\n\t\t\t\t<\/div>\n\t\t<div class=\"elementor-element elementor-element-42dfd81 e-flex e-con-boxed e-con e-parent\" data-id=\"42dfd81\" data-element_type=\"container\" data-e-type=\"container\">\n\t\t\t\t\t<div class=\"e-con-inner\">\n\t\t\t\t<div class=\"elementor-element elementor-element-41c958d elementor-widget elementor-widget-image\" data-id=\"41c958d\" data-element_type=\"widget\" data-e-type=\"widget\" data-widget_type=\"image.default\">\n\t\t\t\t<div class=\"elementor-widget-container\">\n\t\t\t\t\t\t\t\t\t\t\t\t\t\t\t<img loading=\"lazy\" decoding=\"async\" width=\"1024\" height=\"792\" src=\"https:\/\/www.afghanrubab.com\/wp-content\/uploads\/2023\/11\/Tanbur-1024x792.png\" class=\"attachment-large size-large wp-image-2322\" alt=\"\" srcset=\"\" sizes=\"(max-width: 1024px) 100vw, 1024px\" data-srcset=\"\" \/>\t\t\t\t\t\t\t\t\t\t\t\t\t\t\t<\/div>\n\t\t\t\t<\/div>\n\t\t\t\t<div class=\"elementor-element elementor-element-4d0de9d elementor-widget elementor-widget-text-editor\" data-id=\"4d0de9d\" data-element_type=\"widget\" data-e-type=\"widget\" data-widget_type=\"text-editor.default\">\n\t\t\t\t<div class=\"elementor-widget-container\">\n\t\t\t\t\t\t\t\t\t<p><strong>Photo above: An Afghan <em>tanbur<\/em> from Herat, restored. Length 129 cm. Vibrating string length 98 cm. Tone G. Celluloid decoration. Sold in August 2023. <\/strong><\/p>\t\t\t\t\t\t\t\t<\/div>\n\t\t\t\t<\/div>\n\t\t\t\t\t<\/div>\n\t\t\t\t<\/div>\n\t\t\t\t<\/div>","protected":false},"excerpt":{"rendered":"<p>Photographie ci-dessus : Rub\u0101b afghan rapport\u00e9 de Kaboul en 1973. Cet instrument \u00e0 plus de 50 ans. Il a \u00e9t\u00e9 totalement restaur\u00e9 [&hellip;]<\/p>\n","protected":false},"author":1,"featured_media":0,"parent":0,"menu_order":0,"comment_status":"closed","ping_status":"closed","template":"","meta":{"footnotes":""},"class_list":["post-1976","page","type-page","status-publish","hentry"],"_links":{"self":[{"href":"https:\/\/www.afghanrubab.com\/en\/wp-json\/wp\/v2\/pages\/1976","targetHints":{"allow":["GET"]}}],"collection":[{"href":"https:\/\/www.afghanrubab.com\/en\/wp-json\/wp\/v2\/pages"}],"about":[{"href":"https:\/\/www.afghanrubab.com\/en\/wp-json\/wp\/v2\/types\/page"}],"author":[{"embeddable":true,"href":"https:\/\/www.afghanrubab.com\/en\/wp-json\/wp\/v2\/users\/1"}],"replies":[{"embeddable":true,"href":"https:\/\/www.afghanrubab.com\/en\/wp-json\/wp\/v2\/comments?post=1976"}],"version-history":[{"count":31,"href":"https:\/\/www.afghanrubab.com\/en\/wp-json\/wp\/v2\/pages\/1976\/revisions"}],"predecessor-version":[{"id":2325,"href":"https:\/\/www.afghanrubab.com\/en\/wp-json\/wp\/v2\/pages\/1976\/revisions\/2325"}],"wp:attachment":[{"href":"https:\/\/www.afghanrubab.com\/en\/wp-json\/wp\/v2\/media?parent=1976"}],"curies":[{"name":"wp","href":"https:\/\/api.w.org\/{rel}","templated":true}]}}