{"id":1978,"date":"2023-10-29T19:25:04","date_gmt":"2023-10-29T18:25:04","guid":{"rendered":"https:\/\/afghanrubab.com\/?page_id=1978"},"modified":"2023-11-23T17:50:48","modified_gmt":"2023-11-23T16:50:48","slug":"le-rubab-de-hulbuk","status":"publish","type":"page","link":"https:\/\/www.afghanrubab.com\/en\/le-rubab-de-hulbuk\/","title":{"rendered":"The Rub\u0101b of Hulbuk"},"content":{"rendered":"<div data-elementor-type=\"wp-page\" data-elementor-id=\"1978\" class=\"elementor elementor-1978\">\n\t\t\t\t<div class=\"elementor-element elementor-element-2ff3a90 e-flex e-con-boxed e-con e-parent\" data-id=\"2ff3a90\" data-element_type=\"container\" data-e-type=\"container\">\n\t\t\t\t\t<div class=\"e-con-inner\">\n\t\t\t\t<div class=\"elementor-element elementor-element-e7de87c elementor-widget elementor-widget-image\" data-id=\"e7de87c\" data-element_type=\"widget\" data-e-type=\"widget\" data-widget_type=\"image.default\">\n\t\t\t\t<div class=\"elementor-widget-container\">\n\t\t\t\t\t\t\t\t\t\t\t\t\t\t\t<img fetchpriority=\"high\" decoding=\"async\" width=\"480\" height=\"505\" src=\"https:\/\/www.afghanrubab.com\/wp-content\/uploads\/2023\/11\/Khulbuk_rubab_New_chifre-480x505.png\" class=\"attachment-sydney-mas-thumb size-sydney-mas-thumb wp-image-2046\" alt=\"\" srcset=\"\" sizes=\"(max-width: 480px) 100vw, 480px\" data-srcset=\"\" \/>\t\t\t\t\t\t\t\t\t\t\t\t\t\t\t<\/div>\n\t\t\t\t<\/div>\n\t\t\t\t\t<\/div>\n\t\t\t\t<\/div>\n\t\t<div class=\"elementor-element elementor-element-58af564 e-flex e-con-boxed e-con e-parent\" data-id=\"58af564\" data-element_type=\"container\" data-e-type=\"container\">\n\t\t\t\t\t<div class=\"e-con-inner\">\n\t\t\t\t<div class=\"elementor-element elementor-element-a764111 elementor-widget elementor-widget-text-editor\" data-id=\"a764111\" data-element_type=\"widget\" data-e-type=\"widget\" data-widget_type=\"text-editor.default\">\n\t\t\t\t<div class=\"elementor-widget-container\">\n\t\t\t\t\t\t\t\t\t<p><strong>Image: Representation of the rub\u0101b of Hulbuk (Khulbuk).<\/strong><\/p>\t\t\t\t\t\t\t\t<\/div>\n\t\t\t\t<\/div>\n\t\t\t\t\t<\/div>\n\t\t\t\t<\/div>\n\t\t<div class=\"elementor-element elementor-element-4acbb89 e-flex e-con-boxed e-con e-parent\" data-id=\"4acbb89\" data-element_type=\"container\" data-e-type=\"container\">\n\t\t\t\t\t<div class=\"e-con-inner\">\n\t\t\t\t<div class=\"elementor-element elementor-element-2299a32 elementor-widget elementor-widget-text-editor\" data-id=\"2299a32\" data-element_type=\"widget\" data-e-type=\"widget\" data-widget_type=\"text-editor.default\">\n\t\t\t\t<div class=\"elementor-widget-container\">\n\t\t\t\t\t\t\t\t\t<p>In the 11<sup>th<\/sup> century, the citadel of Hulbuk, or Khulbuk, featured an astonishing fresco showing two female musicians at play. This citadel is located in the village of Kurbanshaid, in the Vose district of the Khalton region, in the south-west of present-day Tajikistan. The citadel was no less than the capital of Khuttal, a small Iranian principality in the empire of the White Huns. The architectural elements and artefacts found, such as ceramics and coins, have made it possible to estimate the date of the building: between 970 and 1060. As for the fresco, it is likely to be closer to the 11<sup>th<\/sup> century. Unearthed in 1983, it showed two instruments being played: a rub\u0101b and a <em>chang,<\/em> a kind of harp without a pillar. This fresco is the earliest to depict an asymmetrical bow, showing an evolution in the instrumental gesture of bowed strings.<\/p>\t\t\t\t\t\t\t\t<\/div>\n\t\t\t\t<\/div>\n\t\t\t\t\t<\/div>\n\t\t\t\t<\/div>\n\t\t<div class=\"elementor-element elementor-element-c9f7c5e e-flex e-con-boxed e-con e-parent\" data-id=\"c9f7c5e\" data-element_type=\"container\" data-e-type=\"container\">\n\t\t\t\t\t<div class=\"e-con-inner\">\n\t\t\t\t<div class=\"elementor-element elementor-element-085fbfb elementor-widget elementor-widget-image\" data-id=\"085fbfb\" data-element_type=\"widget\" data-e-type=\"widget\" data-widget_type=\"image.default\">\n\t\t\t\t<div class=\"elementor-widget-container\">\n\t\t\t\t\t\t\t\t\t\t\t\t\t\t\t<img decoding=\"async\" width=\"480\" height=\"505\" src=\"https:\/\/www.afghanrubab.com\/wp-content\/uploads\/2023\/11\/Article_corpsvide_600-480x505.jpeg\" class=\"attachment-sydney-mas-thumb size-sydney-mas-thumb wp-image-2044\" alt=\"\" srcset=\"\" sizes=\"(max-width: 480px) 100vw, 480px\" data-srcset=\"\" \/>\t\t\t\t\t\t\t\t\t\t\t\t\t\t\t<\/div>\n\t\t\t\t<\/div>\n\t\t\t\t<div class=\"elementor-element elementor-element-c41fbfc elementor-widget elementor-widget-text-editor\" data-id=\"c41fbfc\" data-element_type=\"widget\" data-e-type=\"widget\" data-widget_type=\"text-editor.default\">\n\t\t\t\t<div class=\"elementor-widget-container\">\n\t\t\t\t\t\t\t\t\t<p><strong>Image: Representation of the possible cavity of the rub\u0101b of Hulbuk.<\/strong><\/p>\t\t\t\t\t\t\t\t<\/div>\n\t\t\t\t<\/div>\n\t\t\t\t\t<\/div>\n\t\t\t\t<\/div>\n\t\t<div class=\"elementor-element elementor-element-24a2ef4 e-flex e-con-boxed e-con e-parent\" data-id=\"24a2ef4\" data-element_type=\"container\" data-e-type=\"container\">\n\t\t\t\t\t<div class=\"e-con-inner\">\n\t\t\t\t<div class=\"elementor-element elementor-element-2a80df1 elementor-widget elementor-widget-text-editor\" data-id=\"2a80df1\" data-element_type=\"widget\" data-e-type=\"widget\" data-widget_type=\"text-editor.default\">\n\t\t\t\t<div class=\"elementor-widget-container\">\n\t\t\t\t\t\t\t\t\t<p>Although it is impossible to certify this, it is possible that the rub\u0101b of Hulbuk has a complex cavity made up of three chambers: lower, middle and upper. This type of cavity can still be found today on rub\u0101b from the Pamir, such as the <em>tanbur<\/em> from the Pamir. The measurements used to reconstruct the instrument were based on the elements of the fresco that are still visible, as well as on the graphic records made at the time of its discovery.<\/p>\t\t\t\t\t\t\t\t<\/div>\n\t\t\t\t<\/div>\n\t\t\t\t\t<\/div>\n\t\t\t\t<\/div>\n\t\t<div class=\"elementor-element elementor-element-e58455d e-flex e-con-boxed e-con e-parent\" data-id=\"e58455d\" data-element_type=\"container\" data-e-type=\"container\">\n\t\t\t\t\t<div class=\"e-con-inner\">\n\t\t\t\t<div class=\"elementor-element elementor-element-d609d3a elementor-widget elementor-widget-image\" data-id=\"d609d3a\" data-element_type=\"widget\" data-e-type=\"widget\" data-widget_type=\"image.default\">\n\t\t\t\t<div class=\"elementor-widget-container\">\n\t\t\t\t\t\t\t\t\t\t\t\t\t\t\t<img decoding=\"async\" width=\"350\" height=\"697\" src=\"https:\/\/www.afghanrubab.com\/wp-content\/uploads\/2023\/11\/Khulbuk_Rubab_Last_ROUGE-350x697.png\" class=\"attachment-sydney-service-thumb size-sydney-service-thumb wp-image-2047\" alt=\"\" srcset=\"\" sizes=\"(max-width: 350px) 100vw, 350px\" data-srcset=\"\" \/>\t\t\t\t\t\t\t\t\t\t\t\t\t\t\t<\/div>\n\t\t\t\t<\/div>\n\t\t\t\t\t<\/div>\n\t\t\t\t<\/div>\n\t\t<div class=\"elementor-element elementor-element-39994dd e-flex e-con-boxed e-con e-parent\" data-id=\"39994dd\" data-element_type=\"container\" data-e-type=\"container\">\n\t\t\t\t\t<div class=\"e-con-inner\">\n\t\t\t\t<div class=\"elementor-element elementor-element-1c67db7 elementor-widget elementor-widget-text-editor\" data-id=\"1c67db7\" data-element_type=\"widget\" data-e-type=\"widget\" data-widget_type=\"text-editor.default\">\n\t\t\t\t<div class=\"elementor-widget-container\">\n\t\t\t\t\t\t\t\t\t<p><strong>Montage: Superimposing the drawing or reconstruction of Hulbuk's rub\u0101b on a photo of the fresco.<\/strong><\/p>\t\t\t\t\t\t\t\t<\/div>\n\t\t\t\t<\/div>\n\t\t\t\t\t<\/div>\n\t\t\t\t<\/div>\n\t\t<div class=\"elementor-element elementor-element-3780f3b e-flex e-con-boxed e-con e-parent\" data-id=\"3780f3b\" data-element_type=\"container\" data-e-type=\"container\">\n\t\t\t\t\t<div class=\"e-con-inner\">\n\t\t\t\t<div class=\"elementor-element elementor-element-6e69ed1 elementor-widget elementor-widget-text-editor\" data-id=\"6e69ed1\" data-element_type=\"widget\" data-e-type=\"widget\" data-widget_type=\"text-editor.default\">\n\t\t\t\t<div class=\"elementor-widget-container\">\n\t\t\t\t\t\t\t\t\t<p>There is not much available of the Hulbuk fresco. However, a rare black and white photo shows some of the elements that make up the handle. There are vertical lines on the inside of the neck. These appear to be frets. If this hypothesis is confirmed, we would be able to say that frets were already present in the 11<sup>th<\/sup> century and that this type of instrument could be played with both a bow and a plectrum.<\/p><p>For more information, see the article (in French) published in the journal Arts Asiatiques, no. <br \/>73<\/p><p><a href=\"https:\/\/www.academia.edu\/41483180\/Sur_la_piste_du_rubb_la_peinture_murale_de_Hulbuk\">https:\/\/www.academia.edu\/41483180\/Sur_la_piste_du_rubb_la_peinture_murale_de_Hulbuk<\/a><\/p>\t\t\t\t\t\t\t\t<\/div>\n\t\t\t\t<\/div>\n\t\t\t\t\t<\/div>\n\t\t\t\t<\/div>\n\t\t<div class=\"elementor-element elementor-element-e1e485d e-flex e-con-boxed e-con e-parent\" data-id=\"e1e485d\" data-element_type=\"container\" data-e-type=\"container\">\n\t\t\t\t\t<div class=\"e-con-inner\">\n\t\t\t\t<div class=\"elementor-element elementor-element-a84e6ef elementor-widget elementor-widget-image\" data-id=\"a84e6ef\" data-element_type=\"widget\" data-e-type=\"widget\" data-widget_type=\"image.default\">\n\t\t\t\t<div class=\"elementor-widget-container\">\n\t\t\t\t\t\t\t\t\t\t\t\t\t\t\t<img loading=\"lazy\" decoding=\"async\" width=\"480\" height=\"505\" src=\"https:\/\/www.afghanrubab.com\/wp-content\/uploads\/2023\/11\/Chang-480x505.png\" class=\"attachment-sydney-mas-thumb size-sydney-mas-thumb wp-image-2045\" alt=\"\" srcset=\"\" sizes=\"(max-width: 480px) 100vw, 480px\" data-srcset=\"\" \/>\t\t\t\t\t\t\t\t\t\t\t\t\t\t\t<\/div>\n\t\t\t\t<\/div>\n\t\t\t\t\t<\/div>\n\t\t\t\t<\/div>\n\t\t<div class=\"elementor-element elementor-element-8922d71 e-flex e-con-boxed e-con e-parent\" data-id=\"8922d71\" data-element_type=\"container\" data-e-type=\"container\">\n\t\t\t\t\t<div class=\"e-con-inner\">\n\t\t\t\t<div class=\"elementor-element elementor-element-9ea9f19 elementor-widget elementor-widget-text-editor\" data-id=\"9ea9f19\" data-element_type=\"widget\" data-e-type=\"widget\" data-widget_type=\"text-editor.default\">\n\t\t\t\t<div class=\"elementor-widget-container\">\n\t\t\t\t\t\t\t\t\t<p><strong>Image: Representation of the <em>chang<\/em> of the Hulbuk fresco<\/strong><\/p>\t\t\t\t\t\t\t\t<\/div>\n\t\t\t\t<\/div>\n\t\t\t\t\t<\/div>\n\t\t\t\t<\/div>\n\t\t\t\t<\/div>","protected":false},"excerpt":{"rendered":"<p>Image : Repr\u00e9sentation du rub\u0101b de Hulbuk (Khulbuk). La citadelle de Hulbuk, ou Khulbuk, pr\u00e9sentait au 11i\u00e8me si\u00e8cle une fresque \u00e9tonnante sur [&hellip;]<\/p>\n","protected":false},"author":1,"featured_media":0,"parent":0,"menu_order":0,"comment_status":"closed","ping_status":"closed","template":"","meta":{"footnotes":""},"class_list":["post-1978","page","type-page","status-publish","hentry"],"_links":{"self":[{"href":"https:\/\/www.afghanrubab.com\/en\/wp-json\/wp\/v2\/pages\/1978","targetHints":{"allow":["GET"]}}],"collection":[{"href":"https:\/\/www.afghanrubab.com\/en\/wp-json\/wp\/v2\/pages"}],"about":[{"href":"https:\/\/www.afghanrubab.com\/en\/wp-json\/wp\/v2\/types\/page"}],"author":[{"embeddable":true,"href":"https:\/\/www.afghanrubab.com\/en\/wp-json\/wp\/v2\/users\/1"}],"replies":[{"embeddable":true,"href":"https:\/\/www.afghanrubab.com\/en\/wp-json\/wp\/v2\/comments?post=1978"}],"version-history":[{"count":22,"href":"https:\/\/www.afghanrubab.com\/en\/wp-json\/wp\/v2\/pages\/1978\/revisions"}],"predecessor-version":[{"id":2129,"href":"https:\/\/www.afghanrubab.com\/en\/wp-json\/wp\/v2\/pages\/1978\/revisions\/2129"}],"wp:attachment":[{"href":"https:\/\/www.afghanrubab.com\/en\/wp-json\/wp\/v2\/media?parent=1978"}],"curies":[{"name":"wp","href":"https:\/\/api.w.org\/{rel}","templated":true}]}}