{"id":1980,"date":"2023-10-29T19:26:24","date_gmt":"2023-10-29T18:26:24","guid":{"rendered":"https:\/\/afghanrubab.com\/?page_id=1980"},"modified":"2023-11-23T19:51:58","modified_gmt":"2023-11-23T18:51:58","slug":"le-qobuz-moghol","status":"publish","type":"page","link":"https:\/\/www.afghanrubab.com\/en\/le-qobuz-moghol\/","title":{"rendered":"The Mughal Qob\u016bz"},"content":{"rendered":"<div data-elementor-type=\"wp-page\" data-elementor-id=\"1980\" class=\"elementor elementor-1980\">\n\t\t\t\t<div class=\"elementor-element elementor-element-b319077 e-flex e-con-boxed e-con e-parent\" data-id=\"b319077\" data-element_type=\"container\" data-e-type=\"container\">\n\t\t\t\t\t<div class=\"e-con-inner\">\n\t\t\t\t<div class=\"elementor-element elementor-element-41949ed elementor-widget elementor-widget-image\" data-id=\"41949ed\" data-element_type=\"widget\" data-e-type=\"widget\" data-widget_type=\"image.default\">\n\t\t\t\t<div class=\"elementor-widget-container\">\n\t\t\t\t\t\t\t\t\t\t\t\t\t\t\t<img fetchpriority=\"high\" decoding=\"async\" width=\"350\" height=\"603\" src=\"https:\/\/www.afghanrubab.com\/wp-content\/uploads\/2023\/10\/Rubab-Moghol.httpwww.mfa_.orgcollectionsobjectan-elegant-man-seated-under-a-willow-tree-148508-350x603.jpg\" class=\"attachment-sydney-service-thumb size-sydney-service-thumb wp-image-1863\" alt=\"\" srcset=\"\" sizes=\"(max-width: 350px) 100vw, 350px\" data-srcset=\"\" \/>\t\t\t\t\t\t\t\t\t\t\t\t\t\t\t<\/div>\n\t\t\t\t<\/div>\n\t\t\t\t\t<\/div>\n\t\t\t\t<\/div>\n\t\t<div class=\"elementor-element elementor-element-ef0f75d e-flex e-con-boxed e-con e-parent\" data-id=\"ef0f75d\" data-element_type=\"container\" data-e-type=\"container\">\n\t\t\t\t\t<div class=\"e-con-inner\">\n\t\t\t\t<div class=\"elementor-element elementor-element-b436208 elementor-widget elementor-widget-text-editor\" data-id=\"b436208\" data-element_type=\"widget\" data-e-type=\"widget\" data-widget_type=\"text-editor.default\">\n\t\t\t\t<div class=\"elementor-widget-container\">\n\t\t\t\t\t\t\t\t\t<p><strong>Photography: Detail of the miniature made by <span class=\"wikibase-title\"><span class=\"wikibase-title-label\">Aqa Reza Heravi<\/span><\/span><\/strong><\/p>\t\t\t\t\t\t\t\t<\/div>\n\t\t\t\t<\/div>\n\t\t\t\t\t<\/div>\n\t\t\t\t<\/div>\n\t\t<div class=\"elementor-element elementor-element-5f5e861 e-flex e-con-boxed e-con e-parent\" data-id=\"5f5e861\" data-element_type=\"container\" data-e-type=\"container\">\n\t\t\t\t\t<div class=\"e-con-inner\">\n\t\t\t\t<div class=\"elementor-element elementor-element-3c40f05 elementor-widget elementor-widget-text-editor\" data-id=\"3c40f05\" data-element_type=\"widget\" data-e-type=\"widget\" data-widget_type=\"text-editor.default\">\n\t\t\t\t<div class=\"elementor-widget-container\">\n\t\t\t\t\t\t\t\t\t<p>Like the Persian rub\u0101b, the <em>qob\u016bz<\/em> is also made up of a complex cavity: the lower chamber is circular, sometimes even pear-shaped, surmounted by a central chamber similar to that of the Persian rub\u0101b. Only the upper part of the cavity differs on these two instruments. That of the Persian rub\u0101b begins at the base of the neck with the straight plane of the top of the median chamber, for the <em>qob\u016bz<\/em>the top of the middle chamber extends into a point, giving shape to the upper chamber.<\/p>\t\t\t\t\t\t\t\t<\/div>\n\t\t\t\t<\/div>\n\t\t\t\t\t<\/div>\n\t\t\t\t<\/div>\n\t\t<div class=\"elementor-element elementor-element-c574943 e-flex e-con-boxed e-con e-parent\" data-id=\"c574943\" data-element_type=\"container\" data-e-type=\"container\">\n\t\t\t\t\t<div class=\"e-con-inner\">\n\t\t\t\t<div class=\"elementor-element elementor-element-3c1ec1a elementor-widget elementor-widget-image\" data-id=\"3c1ec1a\" data-element_type=\"widget\" data-e-type=\"widget\" data-widget_type=\"image.default\">\n\t\t\t\t<div class=\"elementor-widget-container\">\n\t\t\t\t\t\t\t\t\t\t\t\t\t\t\t<img decoding=\"async\" width=\"480\" height=\"480\" src=\"https:\/\/www.afghanrubab.com\/wp-content\/uploads\/2023\/11\/Qobuzs-480x480.png\" class=\"attachment-sydney-mas-thumb size-sydney-mas-thumb wp-image-2150\" alt=\"\" srcset=\"\" sizes=\"(max-width: 480px) 100vw, 480px\" data-srcset=\"\" \/>\t\t\t\t\t\t\t\t\t\t\t\t\t\t\t<\/div>\n\t\t\t\t<\/div>\n\t\t\t\t\t<\/div>\n\t\t\t\t<\/div>\n\t\t<div class=\"elementor-element elementor-element-0659068 e-flex e-con-boxed e-con e-parent\" data-id=\"0659068\" data-element_type=\"container\" data-e-type=\"container\">\n\t\t\t\t\t<div class=\"e-con-inner\">\n\t\t\t\t<div class=\"elementor-element elementor-element-1405599 elementor-widget elementor-widget-text-editor\" data-id=\"1405599\" data-element_type=\"widget\" data-e-type=\"widget\" data-widget_type=\"text-editor.default\">\n\t\t\t\t<div class=\"elementor-widget-container\">\n\t\t\t\t\t\t\t\t\t<p><strong>Montage: Production of the <em>qob\u016bz<\/em> based on the model proposed by Aq\u0101 Rez\u0101\u00a0<\/strong><\/p>\t\t\t\t\t\t\t\t<\/div>\n\t\t\t\t<\/div>\n\t\t\t\t\t<\/div>\n\t\t\t\t<\/div>\n\t\t<div class=\"elementor-element elementor-element-8ee53cc e-flex e-con-boxed e-con e-parent\" data-id=\"8ee53cc\" data-element_type=\"container\" data-e-type=\"container\">\n\t\t\t\t\t<div class=\"e-con-inner\">\n\t\t\t\t<div class=\"elementor-element elementor-element-a78673a elementor-widget elementor-widget-text-editor\" data-id=\"a78673a\" data-element_type=\"widget\" data-e-type=\"widget\" data-widget_type=\"text-editor.default\">\n\t\t\t\t<div class=\"elementor-widget-container\">\n\t\t\t\t\t\t\t\t\t<p>The reconstruction of the Aq\u0101 Rez\u0101 <em>qob\u016bz<\/em> was made by reproducing the instrument in the miniature by symmetry. Questions remain: what material is used for the black decoration on the neck? It is not customary to use ebony on this type of instrument. Was the pegbox just inclined or did it have a sickle shape, as is still customary on this type of instrument? <\/p>\t\t\t\t\t\t\t\t<\/div>\n\t\t\t\t<\/div>\n\t\t\t\t\t<\/div>\n\t\t\t\t<\/div>\n\t\t<div class=\"elementor-element elementor-element-1f96d8d e-flex e-con-boxed e-con e-parent\" data-id=\"1f96d8d\" data-element_type=\"container\" data-e-type=\"container\">\n\t\t\t\t\t<div class=\"e-con-inner\">\n\t\t\t\t<div class=\"elementor-element elementor-element-5351790 elementor-widget elementor-widget-image\" data-id=\"5351790\" data-element_type=\"widget\" data-e-type=\"widget\" data-widget_type=\"image.default\">\n\t\t\t\t<div class=\"elementor-widget-container\">\n\t\t\t\t\t\t\t\t\t\t\t\t\t\t\t<img decoding=\"async\" width=\"913\" height=\"424\" src=\"https:\/\/www.afghanrubab.com\/wp-content\/uploads\/2023\/11\/Tanbur_qobuz.jpg\" class=\"attachment-large size-large wp-image-2151\" alt=\"\" srcset=\"https:\/\/www.afghanrubab.com\/wp-content\/uploads\/2023\/11\/Tanbur_qobuz.jpg 913w, https:\/\/www.afghanrubab.com\/wp-content\/uploads\/2023\/11\/Tanbur_qobuz-300x139.jpg 300w, https:\/\/www.afghanrubab.com\/wp-content\/uploads\/2023\/11\/Tanbur_qobuz-768x357.jpg 768w, https:\/\/www.afghanrubab.com\/wp-content\/uploads\/2023\/11\/Tanbur_qobuz-230x107.jpg 230w, https:\/\/www.afghanrubab.com\/wp-content\/uploads\/2023\/11\/Tanbur_qobuz-350x163.jpg 350w, https:\/\/www.afghanrubab.com\/wp-content\/uploads\/2023\/11\/Tanbur_qobuz-480x223.jpg 480w, https:\/\/www.afghanrubab.com\/wp-content\/uploads\/2023\/11\/Tanbur_qobuz-420x195.jpg 420w, https:\/\/www.afghanrubab.com\/wp-content\/uploads\/2023\/11\/Tanbur_qobuz-800x372.jpg 800w\" sizes=\"(max-width: 913px) 100vw, 913px\" \/>\t\t\t\t\t\t\t\t\t\t\t\t\t\t\t<\/div>\n\t\t\t\t<\/div>\n\t\t\t\t\t<\/div>\n\t\t\t\t<\/div>\n\t\t<div class=\"elementor-element elementor-element-c437930 e-flex e-con-boxed e-con e-parent\" data-id=\"c437930\" data-element_type=\"container\" data-e-type=\"container\">\n\t\t\t\t\t<div class=\"e-con-inner\">\n\t\t\t\t<div class=\"elementor-element elementor-element-28f6578 elementor-widget elementor-widget-text-editor\" data-id=\"28f6578\" data-element_type=\"widget\" data-e-type=\"widget\" data-widget_type=\"text-editor.default\">\n\t\t\t\t<div class=\"elementor-widget-container\">\n\t\t\t\t\t\t\t\t\t<p><strong>Montage: several views of a Pamir tanbur: front, back and side<\/strong><\/p>\t\t\t\t\t\t\t\t<\/div>\n\t\t\t\t<\/div>\n\t\t\t\t\t<\/div>\n\t\t\t\t<\/div>\n\t\t<div class=\"elementor-element elementor-element-73d150e e-flex e-con-boxed e-con e-parent\" data-id=\"73d150e\" data-element_type=\"container\" data-e-type=\"container\">\n\t\t\t\t\t<div class=\"e-con-inner\">\n\t\t\t\t<div class=\"elementor-element elementor-element-6c4ebd5 elementor-widget elementor-widget-text-editor\" data-id=\"6c4ebd5\" data-element_type=\"widget\" data-e-type=\"widget\" data-widget_type=\"text-editor.default\">\n\t\t\t\t<div class=\"elementor-widget-container\">\n\t\t\t\t\t\t\t\t\t<p>The back of the <em>qob\u016bz<\/em> was not represented by Aq\u0101 Rez\u0101, or even by the other miniaturists. In contrast to the Persian rub\u0101b, we have instruments affiliated with the <em>qob\u016bz<\/em> mughal: the Pamiri <em>tanbur<\/em> or the Tibetan <em>dranyen.<\/em> These lutes, of the rub\u0101b type, can be used as a model to make the back of the <em>qob\u016bz<\/em>.\u00a0 <\/p>\t\t\t\t\t\t\t\t<\/div>\n\t\t\t\t<\/div>\n\t\t\t\t\t<\/div>\n\t\t\t\t<\/div>\n\t\t<div class=\"elementor-element elementor-element-eb3261e e-flex e-con-boxed e-con e-parent\" data-id=\"eb3261e\" data-element_type=\"container\" data-e-type=\"container\">\n\t\t\t\t\t<div class=\"e-con-inner\">\n\t\t\t\t<div class=\"elementor-element elementor-element-27813c4 elementor-widget elementor-widget-image\" data-id=\"27813c4\" data-element_type=\"widget\" data-e-type=\"widget\" data-widget_type=\"image.default\">\n\t\t\t\t<div class=\"elementor-widget-container\">\n\t\t\t\t\t\t\t\t\t\t\t\t\t\t\t<img loading=\"lazy\" decoding=\"async\" width=\"480\" height=\"480\" src=\"https:\/\/www.afghanrubab.com\/wp-content\/uploads\/2023\/11\/Qobuz-face-et-profil-mesures-480x480.png\" class=\"attachment-sydney-mas-thumb size-sydney-mas-thumb wp-image-2159\" alt=\"\" srcset=\"\" sizes=\"(max-width: 480px) 100vw, 480px\" data-srcset=\"\" \/>\t\t\t\t\t\t\t\t\t\t\t\t\t\t\t<\/div>\n\t\t\t\t<\/div>\n\t\t\t\t\t<\/div>\n\t\t\t\t<\/div>\n\t\t<div class=\"elementor-element elementor-element-bbdf8e0 e-flex e-con-boxed e-con e-parent\" data-id=\"bbdf8e0\" data-element_type=\"container\" data-e-type=\"container\">\n\t\t\t\t\t<div class=\"e-con-inner\">\n\t\t\t\t<div class=\"elementor-element elementor-element-81b10bf elementor-widget elementor-widget-text-editor\" data-id=\"81b10bf\" data-element_type=\"widget\" data-e-type=\"widget\" data-widget_type=\"text-editor.default\">\n\t\t\t\t<div class=\"elementor-widget-container\">\n\t\t\t\t\t\t\t\t\t<p><strong>Image: Reconstruction of the Aq\u0101 Rez\u0101 <em>qob\u016bz<\/em> d&rsquo;Aq\u0101 Rez\u0101\u00a0<\/strong><\/p>\t\t\t\t\t\t\t\t<\/div>\n\t\t\t\t<\/div>\n\t\t\t\t\t<\/div>\n\t\t\t\t<\/div>\n\t\t<div class=\"elementor-element elementor-element-3fdfa04 e-flex e-con-boxed e-con e-parent\" data-id=\"3fdfa04\" data-element_type=\"container\" data-e-type=\"container\">\n\t\t\t\t\t<div class=\"e-con-inner\">\n\t\t\t\t<div class=\"elementor-element elementor-element-42c3097 elementor-widget elementor-widget-text-editor\" data-id=\"42c3097\" data-element_type=\"widget\" data-e-type=\"widget\" data-widget_type=\"text-editor.default\">\n\t\t\t\t<div class=\"elementor-widget-container\">\n\t\t\t\t\t\t\t\t\t<p>The reconstruction of the Aq\u0101 Rez\u0101 <em>qob\u016bz<\/em> is based on a vibrating string length of around 74cm, so that the physical intervals between the notes are not too great and remain ergonomic. The strings, of which there are three double strings, would be either silk or gut and tuned to the fourth, as is customary on this type of Central Asian instrument. The body of the instrument is made from mulberry, and the pegs and bridge may also be made from mulberry, or even apricot or walnut. The soundboard could be made of parchment goatskin, 0.2 mm thick.<\/p>\t\t\t\t\t\t\t\t<\/div>\n\t\t\t\t<\/div>\n\t\t\t\t\t<\/div>\n\t\t\t\t<\/div>\n\t\t\t\t<\/div>","protected":false},"excerpt":{"rendered":"<p>Photographie : D\u00e9tail de la miniature r\u00e9alis\u00e9e Aqa Reza Heravi Tout comme le rub\u0101b persan, le qob\u016bz est lui aussi constitu\u00e9 d\u2019une [&hellip;]<\/p>\n","protected":false},"author":1,"featured_media":0,"parent":0,"menu_order":0,"comment_status":"closed","ping_status":"closed","template":"","meta":{"footnotes":""},"class_list":["post-1980","page","type-page","status-publish","hentry"],"_links":{"self":[{"href":"https:\/\/www.afghanrubab.com\/en\/wp-json\/wp\/v2\/pages\/1980","targetHints":{"allow":["GET"]}}],"collection":[{"href":"https:\/\/www.afghanrubab.com\/en\/wp-json\/wp\/v2\/pages"}],"about":[{"href":"https:\/\/www.afghanrubab.com\/en\/wp-json\/wp\/v2\/types\/page"}],"author":[{"embeddable":true,"href":"https:\/\/www.afghanrubab.com\/en\/wp-json\/wp\/v2\/users\/1"}],"replies":[{"embeddable":true,"href":"https:\/\/www.afghanrubab.com\/en\/wp-json\/wp\/v2\/comments?post=1980"}],"version-history":[{"count":13,"href":"https:\/\/www.afghanrubab.com\/en\/wp-json\/wp\/v2\/pages\/1980\/revisions"}],"predecessor-version":[{"id":2165,"href":"https:\/\/www.afghanrubab.com\/en\/wp-json\/wp\/v2\/pages\/1980\/revisions\/2165"}],"wp:attachment":[{"href":"https:\/\/www.afghanrubab.com\/en\/wp-json\/wp\/v2\/media?parent=1980"}],"curies":[{"name":"wp","href":"https:\/\/api.w.org\/{rel}","templated":true}]}}