{"id":1993,"date":"2023-10-29T19:40:24","date_gmt":"2023-10-29T18:40:24","guid":{"rendered":"https:\/\/afghanrubab.com\/?page_id=1993"},"modified":"2023-11-23T11:33:17","modified_gmt":"2023-11-23T10:33:17","slug":"la-structure-du-rubab-afghan","status":"publish","type":"page","link":"https:\/\/www.afghanrubab.com\/en\/la-structure-du-rubab-afghan\/","title":{"rendered":"Internal structure of the Afghan Rub\u0101b"},"content":{"rendered":"<div data-elementor-type=\"wp-page\" data-elementor-id=\"1993\" class=\"elementor elementor-1993\">\n\t\t\t\t<div class=\"elementor-element elementor-element-15757ab e-flex e-con-boxed e-con e-parent\" data-id=\"15757ab\" data-element_type=\"container\" data-e-type=\"container\">\n\t\t\t\t\t<div class=\"e-con-inner\">\n\t\t\t\t<div class=\"elementor-element elementor-element-6099544 elementor-widget elementor-widget-image\" data-id=\"6099544\" data-element_type=\"widget\" data-e-type=\"widget\" data-widget_type=\"image.default\">\n\t\t\t\t<div class=\"elementor-widget-container\">\n\t\t\t\t\t\t\t\t\t\t\t\t\t\t\t<img fetchpriority=\"high\" decoding=\"async\" width=\"480\" height=\"480\" src=\"https:\/\/www.afghanrubab.com\/wp-content\/uploads\/2023\/10\/Cavite_rubab_afghan-480x480.png\" class=\"attachment-sydney-mas-thumb size-sydney-mas-thumb wp-image-1858\" alt=\"\" srcset=\"https:\/\/www.afghanrubab.com\/wp-content\/uploads\/2023\/10\/Cavite_rubab_afghan-480x480.png 480w, https:\/\/www.afghanrubab.com\/wp-content\/uploads\/2023\/10\/Cavite_rubab_afghan-300x300.png 300w, https:\/\/www.afghanrubab.com\/wp-content\/uploads\/2023\/10\/Cavite_rubab_afghan-1024x1024.png 1024w, https:\/\/www.afghanrubab.com\/wp-content\/uploads\/2023\/10\/Cavite_rubab_afghan-150x150.png 150w, https:\/\/www.afghanrubab.com\/wp-content\/uploads\/2023\/10\/Cavite_rubab_afghan-768x768.png 768w, https:\/\/www.afghanrubab.com\/wp-content\/uploads\/2023\/10\/Cavite_rubab_afghan-1536x1536.png 1536w, https:\/\/www.afghanrubab.com\/wp-content\/uploads\/2023\/10\/Cavite_rubab_afghan-2048x2048.png 2048w, https:\/\/www.afghanrubab.com\/wp-content\/uploads\/2023\/10\/Cavite_rubab_afghan-1000x1000.png 1000w, https:\/\/www.afghanrubab.com\/wp-content\/uploads\/2023\/10\/Cavite_rubab_afghan-230x230.png 230w, https:\/\/www.afghanrubab.com\/wp-content\/uploads\/2023\/10\/Cavite_rubab_afghan-350x350.png 350w, https:\/\/www.afghanrubab.com\/wp-content\/uploads\/2023\/10\/Cavite_rubab_afghan-420x420.png 420w, https:\/\/www.afghanrubab.com\/wp-content\/uploads\/2023\/10\/Cavite_rubab_afghan-800x800.png 800w, https:\/\/www.afghanrubab.com\/wp-content\/uploads\/2023\/10\/Cavite_rubab_afghan-100x100.png 100w\" sizes=\"(max-width: 480px) 100vw, 480px\" \/>\t\t\t\t\t\t\t\t\t\t\t\t\t\t\t<\/div>\n\t\t\t\t<\/div>\n\t\t\t\t<div class=\"elementor-element elementor-element-d278c6d elementor-widget elementor-widget-text-editor\" data-id=\"d278c6d\" data-element_type=\"widget\" data-e-type=\"widget\" data-widget_type=\"text-editor.default\">\n\t\t\t\t<div class=\"elementor-widget-container\">\n\t\t\t\t\t\t\t\t\t<p><strong>Montage: Presentation of the different chambers of a Rub\u0101b Afghan<\/strong><\/p>\t\t\t\t\t\t\t\t<\/div>\n\t\t\t\t<\/div>\n\t\t\t\t<div class=\"elementor-element elementor-element-2169353 elementor-widget elementor-widget-text-editor\" data-id=\"2169353\" data-element_type=\"widget\" data-e-type=\"widget\" data-widget_type=\"text-editor.default\">\n\t\t\t\t<div class=\"elementor-widget-container\">\n\t\t\t\t\t\t\t\t\t<p>The structure of the Afghan rub\u0101b consists of a carved and hollowed-out piece of mulberry. The cavity formed by the internal structure of the instrument is made up of three chambers or hollow volumes. This cavity is complex in nature, as explained in the thesis (<em>The Afghan rub\u0101b, a historical, musicological and organological study of a Central Asian lute<\/em>presented by Sylvain Roy and defended on 12 December 2017, at the University of Paris Nanterre, under the supervision of Professor Emeritus Jean During). The three chambers of the instrument's cavity play a direct part in its timbre, and are represented here by the letters A, B and C :<\/p><p>The primary function of chamber A, or the \u2018upper\u2019 chamber, is to lighten the neck. Even though it is not very voluminous, it contributes to the timbre of the Afghan rub\u0101b. This is probably not significantly audible, but it should be considered in this role nonetheless.<\/p><p>Chamber B, known as the \u2018middle\u2019 chamber, is narrow and deep. It plays an important role in the timbre and acoustics of the instrument.<\/p><p>Chamber C, known as the \u2018lower\u2019 chamber, is the most important. It is often as wide as it is deep. It plays an important role in the timbre and acoustics of the instrument, and it is over this chamber that the skin soundboard is stretched. Chambers B and C communicate through a narrow open space, mentioned in the side indentations, which evokes the body of a bowed string instrument. This feature shows that the internal structure of the Afghan rub\u0101b respects the curves of its external shape.<\/p>\t\t\t\t\t\t\t\t<\/div>\n\t\t\t\t<\/div>\n\t\t\t\t\t<\/div>\n\t\t\t\t<\/div>\n\t\t\t\t<\/div>","protected":false},"excerpt":{"rendered":"<p>Montage : Pr\u00e9sentation des diff\u00e9rentes chambres d&rsquo;un Rub\u0101b Afghan La structure du rub\u0101b afghan est constitu\u00e9e d\u2019une pi\u00e8ce de m\u00fbrier sculpt\u00e9e et [&hellip;]<\/p>\n","protected":false},"author":1,"featured_media":0,"parent":0,"menu_order":0,"comment_status":"closed","ping_status":"closed","template":"","meta":{"footnotes":""},"class_list":["post-1993","page","type-page","status-publish","hentry"],"_links":{"self":[{"href":"https:\/\/www.afghanrubab.com\/en\/wp-json\/wp\/v2\/pages\/1993","targetHints":{"allow":["GET"]}}],"collection":[{"href":"https:\/\/www.afghanrubab.com\/en\/wp-json\/wp\/v2\/pages"}],"about":[{"href":"https:\/\/www.afghanrubab.com\/en\/wp-json\/wp\/v2\/types\/page"}],"author":[{"embeddable":true,"href":"https:\/\/www.afghanrubab.com\/en\/wp-json\/wp\/v2\/users\/1"}],"replies":[{"embeddable":true,"href":"https:\/\/www.afghanrubab.com\/en\/wp-json\/wp\/v2\/comments?post=1993"}],"version-history":[{"count":10,"href":"https:\/\/www.afghanrubab.com\/en\/wp-json\/wp\/v2\/pages\/1993\/revisions"}],"predecessor-version":[{"id":2077,"href":"https:\/\/www.afghanrubab.com\/en\/wp-json\/wp\/v2\/pages\/1993\/revisions\/2077"}],"wp:attachment":[{"href":"https:\/\/www.afghanrubab.com\/en\/wp-json\/wp\/v2\/media?parent=1993"}],"curies":[{"name":"wp","href":"https:\/\/api.w.org\/{rel}","templated":true}]}}