{"id":2002,"date":"2023-10-29T19:58:27","date_gmt":"2023-10-29T18:58:27","guid":{"rendered":"https:\/\/afghanrubab.com\/?page_id=2002"},"modified":"2025-12-22T16:59:15","modified_gmt":"2025-12-22T15:59:15","slug":"biographie","status":"publish","type":"page","link":"https:\/\/www.afghanrubab.com\/en\/biographie\/","title":{"rendered":"Biography"},"content":{"rendered":"<div data-elementor-type=\"wp-page\" data-elementor-id=\"2002\" class=\"elementor elementor-2002\">\n\t\t\t\t<div class=\"elementor-element elementor-element-7fa0604 e-con-full e-flex e-con e-parent\" data-id=\"7fa0604\" data-element_type=\"container\" data-e-type=\"container\">\n\t\t\t\t<div class=\"elementor-element elementor-element-bb7d1c9 elementor-widget elementor-widget-image\" data-id=\"bb7d1c9\" data-element_type=\"widget\" data-e-type=\"widget\" data-widget_type=\"image.default\">\n\t\t\t\t<div class=\"elementor-widget-container\">\n\t\t\t\t\t\t\t\t\t\t\t\t\t\t\t<img fetchpriority=\"high\" decoding=\"async\" width=\"768\" height=\"1024\" src=\"https:\/\/www.afghanrubab.com\/wp-content\/uploads\/2023\/10\/20190728_183729-768x1024.jpg\" class=\"attachment-large size-large wp-image-2005\" alt=\"\" srcset=\"\" sizes=\"(max-width: 768px) 100vw, 768px\" data-srcset=\"\" \/>\t\t\t\t\t\t\t\t\t\t\t\t\t\t\t<\/div>\n\t\t\t\t<\/div>\n\t\t\t\t<div class=\"elementor-element elementor-element-f454d64 elementor-widget__width-initial elementor-widget elementor-widget-text-editor\" data-id=\"f454d64\" data-element_type=\"widget\" data-e-type=\"widget\" data-widget_type=\"text-editor.default\">\n\t\t\t\t<div class=\"elementor-widget-container\">\n\t\t\t\t\t\t\t\t\t<p>Sylvain Roy, ethnomusicologue, sp\u00e9cialiste des musiques d\u2019Asie Centrale, est titulaire d\u2019une th\u00e8se portant sur le rub\u0101b afghan. Ses recherches portent sur les instruments centrasiatiques et plus particuli\u00e8rement les cordophones, dont il \u00e9tude l\u2019\u00e9volution organologique. Il collabore \u00e0 des projets d\u2019arch\u00e9o-lutherie, notamment sur la reconstruction d\u2019instruments disparus de ces r\u00e9gions. Musicien, il \u00e9tudie le r\u00e9pertoire k\u0101buli sur le rub\u0101b afghan. Il compose \u00e9galement des pi\u00e8ces instrumentales o\u00f9 se confronte timbres et \u00e9l\u00e9ments d\u2019\u00e9criture dans de nouvelles perspectives.<\/p>\t\t\t\t\t\t\t\t<\/div>\n\t\t\t\t<\/div>\n\t\t\t\t<\/div>\n\t\t\t\t<\/div>","protected":false},"excerpt":{"rendered":"<p>Sylvain Roy, ethnomusicologue, sp\u00e9cialiste des musiques d\u2019Asie Centrale, est titulaire d\u2019une th\u00e8se portant sur le rub\u0101b afghan. Ses recherches portent sur les [&hellip;]<\/p>\n","protected":false},"author":1,"featured_media":0,"parent":0,"menu_order":0,"comment_status":"closed","ping_status":"closed","template":"","meta":{"footnotes":""},"class_list":["post-2002","page","type-page","status-publish","hentry"],"_links":{"self":[{"href":"https:\/\/www.afghanrubab.com\/en\/wp-json\/wp\/v2\/pages\/2002","targetHints":{"allow":["GET"]}}],"collection":[{"href":"https:\/\/www.afghanrubab.com\/en\/wp-json\/wp\/v2\/pages"}],"about":[{"href":"https:\/\/www.afghanrubab.com\/en\/wp-json\/wp\/v2\/types\/page"}],"author":[{"embeddable":true,"href":"https:\/\/www.afghanrubab.com\/en\/wp-json\/wp\/v2\/users\/1"}],"replies":[{"embeddable":true,"href":"https:\/\/www.afghanrubab.com\/en\/wp-json\/wp\/v2\/comments?post=2002"}],"version-history":[{"count":14,"href":"https:\/\/www.afghanrubab.com\/en\/wp-json\/wp\/v2\/pages\/2002\/revisions"}],"predecessor-version":[{"id":3061,"href":"https:\/\/www.afghanrubab.com\/en\/wp-json\/wp\/v2\/pages\/2002\/revisions\/3061"}],"wp:attachment":[{"href":"https:\/\/www.afghanrubab.com\/en\/wp-json\/wp\/v2\/media?parent=2002"}],"curies":[{"name":"wp","href":"https:\/\/api.w.org\/{rel}","templated":true}]}}