{"id":2133,"date":"2023-11-23T18:00:29","date_gmt":"2023-11-23T17:00:29","guid":{"rendered":"https:\/\/afghanrubab.com\/?page_id=2133"},"modified":"2024-12-16T18:02:35","modified_gmt":"2024-12-16T17:02:35","slug":"le-rubab-persan","status":"publish","type":"page","link":"https:\/\/www.afghanrubab.com\/en\/le-rubab-persan\/","title":{"rendered":"The Persan Rub\u0101b"},"content":{"rendered":"\t\t<div data-elementor-type=\"wp-page\" data-elementor-id=\"2133\" class=\"elementor elementor-2133\">\n\t\t\t\t<div class=\"elementor-element elementor-element-414f18a e-flex e-con-boxed e-con e-parent\" data-id=\"414f18a\" data-element_type=\"container\" data-e-type=\"container\">\n\t\t\t\t\t<div class=\"e-con-inner\">\n\t\t\t\t<div class=\"elementor-element elementor-element-c57799e elementor-widget elementor-widget-image\" data-id=\"c57799e\" data-element_type=\"widget\" data-e-type=\"widget\" data-widget_type=\"image.default\">\n\t\t\t\t<div class=\"elementor-widget-container\">\n\t\t\t\t\t\t\t\t\t\t\t\t\t\t\t<img fetchpriority=\"high\" decoding=\"async\" width=\"230\" height=\"594\" src=\"https:\/\/www.afghanrubab.com\/wp-content\/uploads\/2023\/11\/rubab-druhpad-230x594.jpg\" class=\"attachment-sydney-small-thumb size-sydney-small-thumb wp-image-2139\" alt=\"\" srcset=\"https:\/\/www.afghanrubab.com\/wp-content\/uploads\/2023\/11\/rubab-druhpad-230x594.jpg 230w, https:\/\/www.afghanrubab.com\/wp-content\/uploads\/2023\/11\/rubab-druhpad-116x300.jpg 116w, https:\/\/www.afghanrubab.com\/wp-content\/uploads\/2023\/11\/rubab-druhpad-396x1024.jpg 396w, https:\/\/www.afghanrubab.com\/wp-content\/uploads\/2023\/11\/rubab-druhpad-350x905.jpg 350w, https:\/\/www.afghanrubab.com\/wp-content\/uploads\/2023\/11\/rubab-druhpad.jpg 419w\" sizes=\"(max-width: 230px) 100vw, 230px\" \/>\t\t\t\t\t\t\t\t\t\t\t\t\t\t\t<\/div>\n\t\t\t\t<\/div>\n\t\t\t\t\t<\/div>\n\t\t\t\t<\/div>\n\t\t<div class=\"elementor-element elementor-element-5ecc8de e-flex e-con-boxed e-con e-parent\" data-id=\"5ecc8de\" data-element_type=\"container\" data-e-type=\"container\">\n\t\t\t\t\t<div class=\"e-con-inner\">\n\t\t\t\t<div class=\"elementor-element elementor-element-89e8c6f elementor-widget elementor-widget-text-editor\" data-id=\"89e8c6f\" data-element_type=\"widget\" data-e-type=\"widget\" data-widget_type=\"text-editor.default\">\n\t\t\t\t<div class=\"elementor-widget-container\">\n\t\t\t\t\t\t\t\t\t<p><strong>Image : Repr\u00e9sentation de dessin pr\u00e9sent\u00e9 dans le <em>Kanz al-Tuhaf dar musiqi<\/em><\/strong><\/p>\t\t\t\t\t\t\t\t<\/div>\n\t\t\t\t<\/div>\n\t\t\t\t\t<\/div>\n\t\t\t\t<\/div>\n\t\t<div class=\"elementor-element elementor-element-326ebf4 e-flex e-con-boxed e-con e-parent\" data-id=\"326ebf4\" data-element_type=\"container\" data-e-type=\"container\">\n\t\t\t\t\t<div class=\"e-con-inner\">\n\t\t\t\t<div class=\"elementor-element elementor-element-c5682a8 elementor-widget elementor-widget-text-editor\" data-id=\"c5682a8\" data-element_type=\"widget\" data-e-type=\"widget\" data-widget_type=\"text-editor.default\">\n\t\t\t\t<div class=\"elementor-widget-container\">\n\t\t\t\t\t\t\t\t\t<p><strong>Le rub\u0101b persan, ou rub\u0101b du <em>Kanz al-Tuhaf dar musiqi<\/em> <\/strong><\/p><p>Le <em>Kanz al-Tuhaf dar musiqi<\/em> est un manuscrit \u00e9crit par Hasan K\u0101sh\u0101ni entre 1355 et 1363. Il est le premier \u00e0 pr\u00e9senter et \u00e0 d\u00e9crire un rub\u0101b (persan), au c\u00f4t\u00e9 d&rsquo;autres instruments de musique. Le manuscrit original \u00e0 disparu peu apr\u00e8s 1665, mais pas moins de cinq copies nous sont parvenues. Les copies sont constitu\u00e9es de trois sections : la premi\u00e8re traite de la th\u00e9orie de la musique et de l&rsquo;Islam, la seconde traite des instruments de musique, la derni\u00e8re section aborde entre autre la philosophie et l&rsquo;influence de la musique sur les hommes.<\/p><p>Le document sur lequel j&rsquo;ai r\u00e9alis\u00e9 la reconstitution de ce rub\u0101b \u00ab\u00a0persan\u00a0\u00bb s&rsquo;appuie sur les travaux de l&rsquo;ethnomusicologue japonais Tsuge Gen\u2019ichi. Ce sp\u00e9cialiste s&rsquo;est int\u00e9ress\u00e9 \u00e0 la deuxi\u00e8me section, celle traitant des instruments de musique. Il a r\u00e9alis\u00e9 une analyse comparative des informations de cette section propos\u00e9e dans les cinq copies.<\/p><p>Tsuge Gen\u2019ichi, \u00ab\u00a0Musical instruments described in a fourteenth-century Persian treatise Kanz al-Tuhaf dar musiqi\u00a0\u00bb<em> in<\/em> <em>Galpin Society Journal<\/em>, n\u00b066, Lance Whitehead, Mars 2013, p. 170.<\/p><p><a href=\"https:\/\/www.academia.edu\/23712881\/Musical_Instruments_Described_in_a_Fourteenth_Century_Perian_Treatise_Kanz_al_Tuhaf\">https:\/\/www.academia.edu\/23712881\/Musical_Instruments_Described_in_a_Fourteenth_Century_Perian_Treatise_Kanz_al_Tuhaf<\/a><\/p><p><a href=\"#_ftnref2\" name=\"_ftn2\"><\/a><\/p>\t\t\t\t\t\t\t\t<\/div>\n\t\t\t\t<\/div>\n\t\t\t\t\t<\/div>\n\t\t\t\t<\/div>\n\t\t<div class=\"elementor-element elementor-element-5df61f4 e-flex e-con-boxed e-con e-parent\" data-id=\"5df61f4\" data-element_type=\"container\" data-e-type=\"container\">\n\t\t\t\t\t<div class=\"e-con-inner\">\n\t\t\t\t<div class=\"elementor-element elementor-element-3b52ef1 elementor-widget elementor-widget-image\" data-id=\"3b52ef1\" data-element_type=\"widget\" data-e-type=\"widget\" data-widget_type=\"image.default\">\n\t\t\t\t<div class=\"elementor-widget-container\">\n\t\t\t\t\t\t\t\t\t\t\t\t\t\t\t<img decoding=\"async\" width=\"350\" height=\"700\" src=\"https:\/\/www.afghanrubab.com\/wp-content\/uploads\/2023\/11\/Kanz-al-Tuhaf-dar-musiqi-tete-350x700.png\" class=\"attachment-sydney-service-thumb size-sydney-service-thumb wp-image-2137\" alt=\"\" srcset=\"https:\/\/www.afghanrubab.com\/wp-content\/uploads\/2023\/11\/Kanz-al-Tuhaf-dar-musiqi-tete-350x700.png 350w, https:\/\/www.afghanrubab.com\/wp-content\/uploads\/2023\/11\/Kanz-al-Tuhaf-dar-musiqi-tete-150x300.png 150w, https:\/\/www.afghanrubab.com\/wp-content\/uploads\/2023\/11\/Kanz-al-Tuhaf-dar-musiqi-tete-512x1024.png 512w, https:\/\/www.afghanrubab.com\/wp-content\/uploads\/2023\/11\/Kanz-al-Tuhaf-dar-musiqi-tete-768x1536.png 768w, https:\/\/www.afghanrubab.com\/wp-content\/uploads\/2023\/11\/Kanz-al-Tuhaf-dar-musiqi-tete-1024x2048.png 1024w, https:\/\/www.afghanrubab.com\/wp-content\/uploads\/2023\/11\/Kanz-al-Tuhaf-dar-musiqi-tete-1000x2000.png 1000w, https:\/\/www.afghanrubab.com\/wp-content\/uploads\/2023\/11\/Kanz-al-Tuhaf-dar-musiqi-tete-230x460.png 230w, https:\/\/www.afghanrubab.com\/wp-content\/uploads\/2023\/11\/Kanz-al-Tuhaf-dar-musiqi-tete-480x960.png 480w, https:\/\/www.afghanrubab.com\/wp-content\/uploads\/2023\/11\/Kanz-al-Tuhaf-dar-musiqi-tete-420x840.png 420w, https:\/\/www.afghanrubab.com\/wp-content\/uploads\/2023\/11\/Kanz-al-Tuhaf-dar-musiqi-tete-800x1600.png 800w\" sizes=\"(max-width: 350px) 100vw, 350px\" \/>\t\t\t\t\t\t\t\t\t\t\t\t\t\t\t<\/div>\n\t\t\t\t<\/div>\n\t\t\t\t\t<\/div>\n\t\t\t\t<\/div>\n\t\t<div class=\"elementor-element elementor-element-864198e e-flex e-con-boxed e-con e-parent\" data-id=\"864198e\" data-element_type=\"container\" data-e-type=\"container\">\n\t\t\t\t\t<div class=\"e-con-inner\">\n\t\t\t\t<div class=\"elementor-element elementor-element-3419bd6 elementor-widget elementor-widget-text-editor\" data-id=\"3419bd6\" data-element_type=\"widget\" data-e-type=\"widget\" data-widget_type=\"text-editor.default\">\n\t\t\t\t<div class=\"elementor-widget-container\">\n\t\t\t\t\t\t\t\t\t<p><strong>Image : Repr\u00e9sentation de la reconstitution du rub\u0101b persan \u00e0 partir de la description pr\u00e9sent\u00e9e dans le <em>Kanz al-Tuhaf dar musiqi<\/em><\/strong><\/p>\t\t\t\t\t\t\t\t<\/div>\n\t\t\t\t<\/div>\n\t\t\t\t\t<\/div>\n\t\t\t\t<\/div>\n\t\t<div class=\"elementor-element elementor-element-6d9b96b e-flex e-con-boxed e-con e-parent\" data-id=\"6d9b96b\" data-element_type=\"container\" data-e-type=\"container\">\n\t\t\t\t\t<div class=\"e-con-inner\">\n\t\t\t\t<div class=\"elementor-element elementor-element-5e150b2 elementor-widget elementor-widget-text-editor\" data-id=\"5e150b2\" data-element_type=\"widget\" data-e-type=\"widget\" data-widget_type=\"text-editor.default\">\n\t\t\t\t<div class=\"elementor-widget-container\">\n\t\t\t\t\t\t\t\t\t<p>Tsuge Gen\u2019ichi rapporte les dimensions du rub\u0101b persan mentionn\u00e9es dans le <em>Kanz al-Tuhaf dar musiqi<\/em> : le \u00ab\u00a0rob\u0101b [rub\u0101b] a deux cavit\u00e9s (<em>ba\u1e6dn<\/em>), de deux profondeurs (\u2018<em>omq<\/em>)\u00a0: la profondeur de la caisse de r\u00e9sonance (<em>k\u0101sa<\/em>) et celle au d\u00e9but du manche (<em>gardan-e k\u0101sa<\/em>). La profondeur de chaque cavit\u00e9 est de 7 <em>ango\u0161t mon\u017camm<\/em> [145 mm]. La longueur de la cavit\u00e9 qui fait partie du manche est de 1 <em>bedast<\/em> et 4 <em>ango\u0161t monfaraj <\/em>[332 mm]. La largeur de chaque cavit\u00e9 est de 1 <em>bedast<\/em> et 2 <em>ango\u0161t monfaraj <\/em>[290 mm]. La longueur du manche (<em>daste<\/em>) est de 3 <em>bedast<\/em> [748 mm]\u00a0\u00bb. C&rsquo;est \u00e0 partir de ces donn\u00e9es chiffr\u00e9es qu&rsquo;il a \u00e9t\u00e9 possible de reconstituer le rub\u0101b persan. Seule la dimension, mentionn\u00e9e par la lettre \u00ab\u00a0X\u00a0\u00bb sur le plan, n&rsquo;est pas mentionn\u00e9e, cela ne changera que l\u00e9g\u00e8rement l&rsquo;apparence de l&rsquo;instrument.<\/p>\t\t\t\t\t\t\t\t<\/div>\n\t\t\t\t<\/div>\n\t\t\t\t\t<\/div>\n\t\t\t\t<\/div>\n\t\t<div class=\"elementor-element elementor-element-d5dba9a e-flex e-con-boxed e-con e-parent\" data-id=\"d5dba9a\" data-element_type=\"container\" data-e-type=\"container\">\n\t\t\t\t\t<div class=\"e-con-inner\">\n\t\t\t\t<div class=\"elementor-element elementor-element-bbfd7c5 elementor-widget elementor-widget-image\" data-id=\"bbfd7c5\" data-element_type=\"widget\" data-e-type=\"widget\" data-widget_type=\"image.default\">\n\t\t\t\t<div class=\"elementor-widget-container\">\n\t\t\t\t\t\t\t\t\t\t\t\t\t\t\t<img decoding=\"async\" width=\"768\" height=\"677\" src=\"https:\/\/www.afghanrubab.com\/wp-content\/uploads\/2023\/11\/comparaison-768x677.png\" class=\"attachment-medium_large size-medium_large wp-image-2136\" alt=\"\" srcset=\"https:\/\/www.afghanrubab.com\/wp-content\/uploads\/2023\/11\/comparaison-768x677.png 768w, https:\/\/www.afghanrubab.com\/wp-content\/uploads\/2023\/11\/comparaison-300x264.png 300w, https:\/\/www.afghanrubab.com\/wp-content\/uploads\/2023\/11\/comparaison-1024x903.png 1024w, https:\/\/www.afghanrubab.com\/wp-content\/uploads\/2023\/11\/comparaison-1536x1354.png 1536w, https:\/\/www.afghanrubab.com\/wp-content\/uploads\/2023\/11\/comparaison-2048x1805.png 2048w, https:\/\/www.afghanrubab.com\/wp-content\/uploads\/2023\/11\/comparaison-1000x881.png 1000w, https:\/\/www.afghanrubab.com\/wp-content\/uploads\/2023\/11\/comparaison-230x203.png 230w, https:\/\/www.afghanrubab.com\/wp-content\/uploads\/2023\/11\/comparaison-350x309.png 350w, https:\/\/www.afghanrubab.com\/wp-content\/uploads\/2023\/11\/comparaison-480x423.png 480w, https:\/\/www.afghanrubab.com\/wp-content\/uploads\/2023\/11\/comparaison-420x370.png 420w, https:\/\/www.afghanrubab.com\/wp-content\/uploads\/2023\/11\/comparaison-800x705.png 800w\" sizes=\"(max-width: 768px) 100vw, 768px\" \/>\t\t\t\t\t\t\t\t\t\t\t\t\t\t\t<\/div>\n\t\t\t\t<\/div>\n\t\t\t\t\t<\/div>\n\t\t\t\t<\/div>\n\t\t<div class=\"elementor-element elementor-element-5e856a8 e-flex e-con-boxed e-con e-parent\" data-id=\"5e856a8\" data-element_type=\"container\" data-e-type=\"container\">\n\t\t\t\t\t<div class=\"e-con-inner\">\n\t\t\t\t<div class=\"elementor-element elementor-element-75f7830 elementor-widget elementor-widget-text-editor\" data-id=\"75f7830\" data-element_type=\"widget\" data-e-type=\"widget\" data-widget_type=\"text-editor.default\">\n\t\t\t\t<div class=\"elementor-widget-container\">\n\t\t\t\t\t\t\t\t\t<p><strong>Image : Repr\u00e9sentation comparative du rub\u0101b persan d&rsquo;un rub\u0101b (\u00e9galement persan) issu d&rsquo;une miniature moghole<\/strong><\/p>\t\t\t\t\t\t\t\t<\/div>\n\t\t\t\t<\/div>\n\t\t\t\t\t<\/div>\n\t\t\t\t<\/div>\n\t\t<div class=\"elementor-element elementor-element-86d7f23 e-flex e-con-boxed e-con e-parent\" data-id=\"86d7f23\" data-element_type=\"container\" data-e-type=\"container\">\n\t\t\t\t\t<div class=\"e-con-inner\">\n\t\t\t\t<div class=\"elementor-element elementor-element-ef19dbf elementor-widget elementor-widget-text-editor\" data-id=\"ef19dbf\" data-element_type=\"widget\" data-e-type=\"widget\" data-widget_type=\"text-editor.default\">\n\t\t\t\t<div class=\"elementor-widget-container\">\n\t\t\t\t\t\t\t\t\t<p>En comparant le rub\u0101b persan issu du <em>Kanz al-Tuhaf dar musiqi<\/em> avec un rub\u0101b issu d&rsquo;une miniature moghole on note de fortes similitudes morphologiques. Les deux instruments on \u00e9taient redimensionn\u00e9s avec pour mesure commune la distance du sillet au bas du r\u00e9sonateur. On remarque que le diam\u00e8tre de la chambre inf\u00e9rieure des deux instruments sont identique, seule la longueur des \u00ab\u00a0cornes\u00a0\u00bb et la hauteur de la chambre m\u00e9diane diff\u00e9rent. Rappelons que la hauteur de la chambre m\u00e9diane n&rsquo;est pas mentionn\u00e9e dans le manuscrit (elle est repr\u00e9sent\u00e9e par la lettre \u00ab\u00a0X\u00a0\u00bb sur le plan). Ces similitudes sous-entendent que ces deux instruments, s\u00e9par\u00e9 de deux si\u00e8cles, pourraient avoir une une filiation commune. Il est m\u00eame possible d&rsquo;avancer que le rub\u0101b pr\u00e9sent\u00e9 dans le <em>Kanz al-Tuhaf dar musiqi <\/em>serait l&rsquo;anc\u00eatre des rub\u0101b persans des miniatures mogholes. Malheureusement, il n&rsquo;y a aucune information concernant l&rsquo;apparence du dos de l&rsquo;instrument, aucun rub\u0101b persan ne nous est parvenu et aucun rub\u0101b existant de nos jours ne lui est apparent\u00e9.<\/p>\t\t\t\t\t\t\t\t<\/div>\n\t\t\t\t<\/div>\n\t\t\t\t\t<\/div>\n\t\t\t\t<\/div>\n\t\t\t\t<\/div>\n\t\t","protected":false},"excerpt":{"rendered":"<p>Image : Repr\u00e9sentation de dessin pr\u00e9sent\u00e9 dans le Kanz al-Tuhaf dar musiqi Le rub\u0101b persan, ou rub\u0101b du Kanz al-Tuhaf dar musiqi [&hellip;]<\/p>\n","protected":false},"author":1,"featured_media":0,"parent":0,"menu_order":0,"comment_status":"closed","ping_status":"closed","template":"","meta":{"footnotes":""},"class_list":["post-2133","page","type-page","status-publish","hentry"],"_links":{"self":[{"href":"https:\/\/www.afghanrubab.com\/en\/wp-json\/wp\/v2\/pages\/2133","targetHints":{"allow":["GET"]}}],"collection":[{"href":"https:\/\/www.afghanrubab.com\/en\/wp-json\/wp\/v2\/pages"}],"about":[{"href":"https:\/\/www.afghanrubab.com\/en\/wp-json\/wp\/v2\/types\/page"}],"author":[{"embeddable":true,"href":"https:\/\/www.afghanrubab.com\/en\/wp-json\/wp\/v2\/users\/1"}],"replies":[{"embeddable":true,"href":"https:\/\/www.afghanrubab.com\/en\/wp-json\/wp\/v2\/comments?post=2133"}],"version-history":[{"count":16,"href":"https:\/\/www.afghanrubab.com\/en\/wp-json\/wp\/v2\/pages\/2133\/revisions"}],"predecessor-version":[{"id":2719,"href":"https:\/\/www.afghanrubab.com\/en\/wp-json\/wp\/v2\/pages\/2133\/revisions\/2719"}],"wp:attachment":[{"href":"https:\/\/www.afghanrubab.com\/en\/wp-json\/wp\/v2\/media?parent=2133"}],"curies":[{"name":"wp","href":"https:\/\/api.w.org\/{rel}","templated":true}]}}