{"id":731,"date":"2022-08-16T10:28:02","date_gmt":"2022-08-16T08:28:02","guid":{"rendered":"https:\/\/demo.athemes.com\/sydney-fashion\/?page_id=731"},"modified":"2023-11-25T19:20:30","modified_gmt":"2023-11-25T18:20:30","slug":"about","status":"publish","type":"page","link":"https:\/\/www.afghanrubab.com\/en\/about\/","title":{"rendered":"The Afghan Rub\u0101b"},"content":{"rendered":"\t\t<div data-elementor-type=\"wp-page\" data-elementor-id=\"731\" class=\"elementor elementor-731\">\n\t\t\t\t\t\t<section class=\"elementor-section elementor-top-section elementor-element elementor-element-f6dca25 elementor-section-boxed elementor-section-height-default elementor-section-height-default\" data-id=\"f6dca25\" data-element_type=\"section\" data-e-type=\"section\">\n\t\t\t\t\t\t<div class=\"elementor-container elementor-column-gap-no\">\n\t\t\t\t\t<div class=\"elementor-column elementor-col-100 elementor-top-column elementor-element elementor-element-a596882\" data-id=\"a596882\" data-element_type=\"column\" data-e-type=\"column\">\n\t\t\t<div class=\"elementor-widget-wrap elementor-element-populated\">\n\t\t\t\t\t\t<div class=\"elementor-element elementor-element-95b24dd elementor-widget elementor-widget-heading\" data-id=\"95b24dd\" data-element_type=\"widget\" data-e-type=\"widget\" data-widget_type=\"heading.default\">\n\t\t\t\t<div class=\"elementor-widget-container\">\n\t\t\t\t\t<h1 class=\"elementor-heading-title elementor-size-default\">\u00c0 propos du Rub\u0101b Afghan<\/h1>\t\t\t\t<\/div>\n\t\t\t\t<\/div>\n\t\t\t\t<div class=\"elementor-element elementor-element-faccd2b elementor-widget__width-auto elementor-widget elementor-widget-image\" data-id=\"faccd2b\" data-element_type=\"widget\" data-e-type=\"widget\" data-widget_type=\"image.default\">\n\t\t\t\t<div class=\"elementor-widget-container\">\n\t\t\t\t\t\t\t\t\t\t\t\t\t\t\t<img fetchpriority=\"high\" decoding=\"async\" width=\"1024\" height=\"678\" src=\"https:\/\/www.afghanrubab.com\/wp-content\/uploads\/2023\/11\/IMGP0012-1024x678.jpg\" class=\"attachment-large size-large wp-image-2259\" alt=\"\" srcset=\"https:\/\/www.afghanrubab.com\/wp-content\/uploads\/2023\/11\/IMGP0012-1024x678.jpg 1024w, https:\/\/www.afghanrubab.com\/wp-content\/uploads\/2023\/11\/IMGP0012-300x199.jpg 300w, https:\/\/www.afghanrubab.com\/wp-content\/uploads\/2023\/11\/IMGP0012-768x509.jpg 768w, https:\/\/www.afghanrubab.com\/wp-content\/uploads\/2023\/11\/IMGP0012-1536x1017.jpg 1536w, https:\/\/www.afghanrubab.com\/wp-content\/uploads\/2023\/11\/IMGP0012-2048x1356.jpg 2048w, https:\/\/www.afghanrubab.com\/wp-content\/uploads\/2023\/11\/IMGP0012-1000x662.jpg 1000w, https:\/\/www.afghanrubab.com\/wp-content\/uploads\/2023\/11\/IMGP0012-230x152.jpg 230w, https:\/\/www.afghanrubab.com\/wp-content\/uploads\/2023\/11\/IMGP0012-350x232.jpg 350w, https:\/\/www.afghanrubab.com\/wp-content\/uploads\/2023\/11\/IMGP0012-480x318.jpg 480w, https:\/\/www.afghanrubab.com\/wp-content\/uploads\/2023\/11\/IMGP0012-420x278.jpg 420w, https:\/\/www.afghanrubab.com\/wp-content\/uploads\/2023\/11\/IMGP0012-800x530.jpg 800w\" sizes=\"(max-width: 1024px) 100vw, 1024px\" \/>\t\t\t\t\t\t\t\t\t\t\t\t\t\t\t<\/div>\n\t\t\t\t<\/div>\n\t\t\t\t\t<\/div>\n\t\t<\/div>\n\t\t\t\t\t<\/div>\n\t\t<\/section>\n\t\t\t\t<section class=\"elementor-section elementor-top-section elementor-element elementor-element-2d1adfe elementor-section-boxed elementor-section-height-default elementor-section-height-default\" data-id=\"2d1adfe\" data-element_type=\"section\" data-e-type=\"section\">\n\t\t\t\t\t\t<div class=\"elementor-container elementor-column-gap-no\">\n\t\t\t\t\t<div class=\"elementor-column elementor-col-100 elementor-top-column elementor-element elementor-element-d982672\" data-id=\"d982672\" data-element_type=\"column\" data-e-type=\"column\">\n\t\t\t<div class=\"elementor-widget-wrap elementor-element-populated\">\n\t\t\t\t\t\t<div class=\"elementor-element elementor-element-7fe8fa3 elementor-invisible elementor-widget elementor-widget-heading\" data-id=\"7fe8fa3\" data-element_type=\"widget\" data-e-type=\"widget\" data-settings=\"{&quot;_animation&quot;:&quot;fadeIn&quot;}\" data-widget_type=\"heading.default\">\n\t\t\t\t<div class=\"elementor-widget-container\">\n\t\t\t\t\t<h2 class=\"elementor-heading-title elementor-size-default\">Les origines du Rubab Afghan<\/h2>\t\t\t\t<\/div>\n\t\t\t\t<\/div>\n\t\t\t\t<section class=\"elementor-section elementor-inner-section elementor-element elementor-element-0826788 elementor-section-boxed elementor-section-height-default elementor-section-height-default\" data-id=\"0826788\" data-element_type=\"section\" data-e-type=\"section\">\n\t\t\t\t\t\t<div class=\"elementor-container elementor-column-gap-no\">\n\t\t\t\t\t<div class=\"elementor-column elementor-col-100 elementor-inner-column elementor-element elementor-element-55bd0a0\" data-id=\"55bd0a0\" data-element_type=\"column\" data-e-type=\"column\">\n\t\t\t<div class=\"elementor-widget-wrap elementor-element-populated\">\n\t\t\t\t\t\t<div class=\"elementor-element elementor-element-38567bc elementor-widget__width-initial elementor-invisible elementor-widget elementor-widget-text-editor\" data-id=\"38567bc\" data-element_type=\"widget\" data-e-type=\"widget\" data-settings=\"{&quot;_animation&quot;:&quot;fadeIn&quot;}\" data-widget_type=\"text-editor.default\">\n\t\t\t\t<div class=\"elementor-widget-container\">\n\t\t\t\t\t\t\t\t\t<p>Le rub\u0101b afghan est un instrument de la famille des luths dit \u00ab\u00a0rub\u0101b\u00a0\u00bb. Les instruments de type rub\u0101b sont des luths originaire d&rsquo;Asie Centrale dont la table d&rsquo;harmonie est constitu\u00e9e d&rsquo;une peau parchemin\u00e9e et dont les cordes sont \u00e9branl\u00e9es au moyen d&rsquo;un plectre. Il existe une grande vari\u00e9t\u00e9 de luth \u00ab\u00a0rub\u0101b\u00a0\u00bb certains porte le nom rub\u0101b, d&rsquo;autres ont un nom totalement diff\u00e9rent comme le <em>tanbur<\/em> du Pamir, ou encore le <em>rawap<\/em> des Dolan. Bien que leur nom soit diff\u00e9rent, ces instruments appartiennent \u00e0 la famille des rub\u0101b. Le nombre de corde des rub\u0101b peut varier, de 2 \u00e0 21, et parfois plus. <\/p>\t\t\t\t\t\t\t\t<\/div>\n\t\t\t\t<\/div>\n\t\t\t\t\t<\/div>\n\t\t<\/div>\n\t\t\t\t\t<\/div>\n\t\t<\/section>\n\t\t\t\t<div class=\"elementor-element elementor-element-cee12d3 elementor-align-center elementor-widget elementor-widget-button\" data-id=\"cee12d3\" data-element_type=\"widget\" data-e-type=\"widget\" data-widget_type=\"button.default\">\n\t\t\t\t<div class=\"elementor-widget-container\">\n\t\t\t\t\t\t\t\t\t<div class=\"elementor-button-wrapper\">\n\t\t\t\t\t<a class=\"elementor-button elementor-button-link elementor-size-sm\" href=\"#\">\n\t\t\t\t\t\t<span class=\"elementor-button-content-wrapper\">\n\t\t\t\t\t\t\t\t\t<span class=\"elementor-button-text\">En savoir plus<\/span>\n\t\t\t\t\t<\/span>\n\t\t\t\t\t<\/a>\n\t\t\t\t<\/div>\n\t\t\t\t\t\t\t\t<\/div>\n\t\t\t\t<\/div>\n\t\t\t\t\t<\/div>\n\t\t<\/div>\n\t\t\t\t\t<\/div>\n\t\t<\/section>\n\t\t\t\t<section class=\"elementor-section elementor-top-section elementor-element elementor-element-ebed95b elementor-section-boxed elementor-section-height-default elementor-section-height-default\" data-id=\"ebed95b\" data-element_type=\"section\" data-e-type=\"section\">\n\t\t\t\t\t\t<div class=\"elementor-container elementor-column-gap-no\">\n\t\t\t\t\t<div class=\"elementor-column elementor-col-100 elementor-top-column elementor-element elementor-element-b9c6439\" data-id=\"b9c6439\" data-element_type=\"column\" data-e-type=\"column\">\n\t\t\t<div class=\"elementor-widget-wrap elementor-element-populated\">\n\t\t\t\t\t\t<div class=\"elementor-element elementor-element-c6281f2 elementor-invisible elementor-widget elementor-widget-heading\" data-id=\"c6281f2\" data-element_type=\"widget\" data-e-type=\"widget\" data-settings=\"{&quot;_animation&quot;:&quot;fadeIn&quot;}\" data-widget_type=\"heading.default\">\n\t\t\t\t<div class=\"elementor-widget-container\">\n\t\t\t\t\t<h2 class=\"elementor-heading-title elementor-size-default\">La Dimension Spirituelle du Rub\u0101b Afghan<\/h2>\t\t\t\t<\/div>\n\t\t\t\t<\/div>\n\t\t\t\t<div class=\"elementor-element elementor-element-4bcb764 elementor-invisible elementor-widget elementor-widget-text-editor\" data-id=\"4bcb764\" data-element_type=\"widget\" data-e-type=\"widget\" data-settings=\"{&quot;_animation&quot;:&quot;fadeIn&quot;}\" data-widget_type=\"text-editor.default\">\n\t\t\t\t<div class=\"elementor-widget-container\">\n\t\t\t\t\t\t\t\t\t<p>Le rub\u0101b afghan pr\u00e9sente plusieurs symboles \u00e9voquant le paradis. Le m\u00fbrier, bois dans lequel il est sculpt\u00e9, est consid\u00e9r\u00e9 par les populations d\u2019Afghanistan et de certaines r\u00e9gions de Transoxiane comme l\u2019\u00e9vocation de \u00ab l\u2019arbre de vie \u00bb. L\u2019arbre est d\u2019ailleurs souvent repr\u00e9sent\u00e9 sur la touche de l\u2019instrument par un assemblage de petites pi\u00e8ces en os ou en nacre incrust\u00e9es. On rencontre \u00e9galement des formes d\u2019oiseaux, \u00e9voquant ici le paon, que ce soit sur la touche ou sur les flancs de l\u2019instrument. Le cheviller pr\u00e9sente une forme arrondie symbolisant le corps de l\u2019animal, certains luthiers vont m\u00eame jusqu\u2019\u00e0 en repr\u00e9senter les yeux surmontant un bec, quand d\u2019autres sculptent \u00e0 l\u2019int\u00e9rieur de la volute du chevillier des paons \u00e0 la place de la fleur de coton. Pour certains musiciens, la forme en \u00ab V \u00bb situ\u00e9e au dos du r\u00e9sonateur repr\u00e9sente les ailes repli\u00e9es de l\u2019oiseau ; il pourrait s\u2019agir des barbes raides de son plumage. D\u2019autres y voit un motif floral, ou les racines de \u00ab l\u2019arbre de vie \u00bb. Les c\u00f4t\u00e9s de l\u2019instrument peuvent \u00eatre \u00e9galement d\u00e9cor\u00e9s, on y trouve des motifs circulaires repr\u00e9sentant le ciel \u00e9toil\u00e9. Tous ces \u00e9l\u00e9ments de d\u00e9cors renvoient \u00e0 l\u2019\u00e9vocation du jardin originel. Le timbre produit par les cordes sympathiques renforcent cet imaginaire, ce halo sonore peut s\u2019apparenter \u00e0 de la \u00ab magie \u00bb du fait que les cordes sonnent sans m\u00eame qu\u2019elles ne soient touch\u00e9es. Ne repr\u00e9senteraient-elle pas \u00ab la voix des anges \u00bb ? La voix du rub\u0101b afghan incarne comme nul autre instrument les po\u00e9sies de R\u016bm\u012b et d\u2019Alishir Nav\u0101\u2019i, il d\u00e9place son auditoire jusqu\u2019au portail du paradis. Paradoxalement, les musiciens qui pratiquent l\u2019instrument semblent avoir totalement oubli\u00e9 la signification de ces symboles. Les luthiers reproduisent les d\u00e9cors par habitude, sans v\u00e9ritablement prendre conscience de la port\u00e9e mystique de leur travail. Quelles seraient les raisons de cette amn\u00e9sie ? R\u00e9sulteraient-elles du caract\u00e8re illicite de la musique, v\u00e9hicul\u00e9e par les fondamentalistes et leur interpr\u00e9tation du Coran ? La chose est d\u2019autant plus accentu\u00e9e en Afghanistan, du fait de la filiation entre musiciens, luthiers et <em>salm\u0101ni<\/em>.<\/p>\t\t\t\t\t\t\t\t<\/div>\n\t\t\t\t<\/div>\n\t\t\t\t\t<\/div>\n\t\t<\/div>\n\t\t\t\t\t<\/div>\n\t\t<\/section>\n\t\t\t\t<section class=\"elementor-section elementor-top-section elementor-element elementor-element-b9cc4c3 elementor-section-boxed elementor-section-height-default elementor-section-height-default\" data-id=\"b9cc4c3\" data-element_type=\"section\" data-e-type=\"section\">\n\t\t\t\t\t\t<div class=\"elementor-container elementor-column-gap-no\">\n\t\t\t\t\t<div class=\"elementor-column elementor-col-100 elementor-top-column elementor-element elementor-element-e3458c3\" data-id=\"e3458c3\" data-element_type=\"column\" data-e-type=\"column\">\n\t\t\t<div class=\"elementor-widget-wrap elementor-element-populated\">\n\t\t\t\t\t\t<div class=\"elementor-element elementor-element-b54aead elementor-invisible elementor-widget elementor-widget-heading\" data-id=\"b54aead\" data-element_type=\"widget\" data-e-type=\"widget\" data-settings=\"{&quot;_animation&quot;:&quot;fadeIn&quot;}\" data-widget_type=\"heading.default\">\n\t\t\t\t<div class=\"elementor-widget-container\">\n\t\t\t\t\t<h2 class=\"elementor-heading-title elementor-size-default\">Envie d'\u00e9changer avec moi ?<\/h2>\t\t\t\t<\/div>\n\t\t\t\t<\/div>\n\t\t\t\t<div class=\"elementor-element elementor-element-850553e elementor-widget__width-initial elementor-invisible elementor-widget elementor-widget-text-editor\" data-id=\"850553e\" data-element_type=\"widget\" data-e-type=\"widget\" data-settings=\"{&quot;_animation&quot;:&quot;fadeIn&quot;}\" data-widget_type=\"text-editor.default\">\n\t\t\t\t<div class=\"elementor-widget-container\">\n\t\t\t\t\t\t\t\t\t<p>Suivez le lien ci-dessous pour nous envoyer un message ou pour nous contacter rapidement par t\u00e9l\u00e9phone ou par e-mail.<\/p>\t\t\t\t\t\t\t\t<\/div>\n\t\t\t\t<\/div>\n\t\t\t\t<div class=\"elementor-element elementor-element-ef70d9f elementor-widget elementor-widget-wpforms\" data-id=\"ef70d9f\" data-element_type=\"widget\" data-e-type=\"widget\" data-widget_type=\"wpforms.default\">\n\t\t\t\t<div class=\"elementor-widget-container\">\n\t\t\t\t\t<div class=\"wpforms-container wpforms-container-full wpforms-render-modern\" id=\"wpforms-1784\"><form id=\"wpforms-form-1784\" class=\"wpforms-validate wpforms-form wpforms-ajax-form\" data-formid=\"1784\" method=\"post\" enctype=\"multipart\/form-data\" action=\"\/en\/wp-json\/wp\/v2\/pages\/731\" data-token=\"8863d122aa73bd081f92b43315f93811\" data-token-time=\"1778071536\"><noscript class=\"wpforms-error-noscript\">Please enable JavaScript in your browser to complete this form.<\/noscript><div id=\"wpforms-error-noscript\" style=\"display: none;\">Please enable JavaScript in your browser to complete this form.<\/div><div class=\"wpforms-field-container\"><div id=\"wpforms-1784-field_0-container\" class=\"wpforms-field wpforms-field-name\" data-field-id=\"0\"><fieldset><legend class=\"wpforms-field-label\">Nom <span class=\"wpforms-required-label\" aria-hidden=\"true\">*<\/span><\/legend><div class=\"wpforms-field-row wpforms-field-medium\"><div class=\"wpforms-field-row-block wpforms-first wpforms-one-half\"><input type=\"text\" id=\"wpforms-1784-field_0\" class=\"wpforms-field-name-first wpforms-field-required\" name=\"wpforms[fields][0][first]\" aria-errormessage=\"wpforms-1784-field_0-error\" required><label for=\"wpforms-1784-field_0\" class=\"wpforms-field-sublabel after\">First<\/label><\/div><div class=\"wpforms-field-row-block wpforms-one-half\"><input type=\"text\" id=\"wpforms-1784-field_0-last\" class=\"wpforms-field-name-last wpforms-field-required\" name=\"wpforms[fields][0][last]\" aria-errormessage=\"wpforms-1784-field_0-last-error\" required><label for=\"wpforms-1784-field_0-last\" class=\"wpforms-field-sublabel after\">Last<\/label><\/div><\/div><\/fieldset><\/div><div id=\"wpforms-1784-field_1-container\" class=\"wpforms-field wpforms-field-email\" data-field-id=\"1\"><label class=\"wpforms-field-label\" for=\"wpforms-1784-field_1\">E-mail <span class=\"wpforms-required-label\" aria-hidden=\"true\">*<\/span><\/label><input type=\"email\" id=\"wpforms-1784-field_1\" class=\"wpforms-field-medium wpforms-field-required\" name=\"wpforms[fields][1]\" spellcheck=\"false\" aria-errormessage=\"wpforms-1784-field_1-error\" required><\/div>\t\t<div id=\"wpforms-1784-field_3-container\"\n\t\t\tclass=\"wpforms-field wpforms-field-text\"\n\t\t\tdata-field-type=\"text\"\n\t\t\tdata-field-id=\"3\"\n\t\t\t>\n\t\t\t<label class=\"wpforms-field-label\" for=\"wpforms-1784-field_3\" >message Commentaire E-mail<\/label>\n\t\t\t<input type=\"text\" id=\"wpforms-1784-field_3\" class=\"wpforms-field-medium\" name=\"wpforms[fields][3]\" >\n\t\t<\/div>\n\t\t<div id=\"wpforms-1784-field_2-container\" class=\"wpforms-field wpforms-field-textarea\" data-field-id=\"2\"><label class=\"wpforms-field-label\" for=\"wpforms-1784-field_2\">Commentaire ou message<\/label><textarea id=\"wpforms-1784-field_2\" class=\"wpforms-field-medium\" name=\"wpforms[fields][2]\" aria-errormessage=\"wpforms-1784-field_2-error\" ><\/textarea><\/div><script>\n\t\t\t\t( function() {\n\t\t\t\t\tconst style = document.createElement( 'style' );\n\t\t\t\t\tstyle.appendChild( document.createTextNode( '#wpforms-1784-field_3-container { position: absolute !important; overflow: hidden !important; display: inline !important; height: 1px !important; width: 1px !important; z-index: -1000 !important; padding: 0 !important; } #wpforms-1784-field_3-container input { visibility: hidden; } #wpforms-conversational-form-page #wpforms-1784-field_3-container label { counter-increment: none; }' ) );\n\t\t\t\t\tdocument.head.appendChild( style );\n\t\t\t\t\tdocument.currentScript?.remove();\n\t\t\t\t} )();\n\t\t\t<\/script><\/div><!-- .wpforms-field-container --><div class=\"wpforms-recaptcha-container wpforms-is-recaptcha wpforms-is-recaptcha-type-v3\" ><input type=\"hidden\" name=\"wpforms[recaptcha]\" value=\"\"><\/div><div class=\"wpforms-submit-container\" ><input type=\"hidden\" name=\"wpforms[id]\" value=\"1784\"><input type=\"hidden\" name=\"page_title\" value=\"\"><input type=\"hidden\" name=\"page_url\" value=\"https:\/\/www.afghanrubab.com\/en\/wp-json\/wp\/v2\/pages\/731\"><input type=\"hidden\" name=\"url_referer\" value=\"\"><button type=\"submit\" name=\"wpforms[submit]\" id=\"wpforms-submit-1784\" class=\"wpforms-submit\" data-alt-text=\"Envoi...\" data-submit-text=\"Envoyer\" aria-live=\"assertive\" value=\"wpforms-submit\">Envoyer<\/button><img decoding=\"async\" src=\"https:\/\/www.afghanrubab.com\/wp-content\/plugins\/wpforms-lite\/assets\/images\/submit-spin.svg\" class=\"wpforms-submit-spinner\" style=\"display: none;\" width=\"26\" height=\"26\" alt=\"Loading\"><\/div><\/form><\/div>  <!-- .wpforms-container -->\t\t\t\t<\/div>\n\t\t\t\t<\/div>\n\t\t\t\t\t<\/div>\n\t\t<\/div>\n\t\t\t\t\t<\/div>\n\t\t<\/section>\n\t\t\t\t<\/div>\n\t\t","protected":false},"excerpt":{"rendered":"<p>\u00c0 propos du Rub\u0101b Afghan Les origines du Rubab Afghan Le rub\u0101b afghan est un instrument de la famille des luths dit [&hellip;]<\/p>\n","protected":false},"author":1,"featured_media":0,"parent":0,"menu_order":0,"comment_status":"closed","ping_status":"closed","template":"page-templates\/page_front-page.php","meta":{"footnotes":""},"class_list":["post-731","page","type-page","status-publish","hentry"],"_links":{"self":[{"href":"https:\/\/www.afghanrubab.com\/en\/wp-json\/wp\/v2\/pages\/731","targetHints":{"allow":["GET"]}}],"collection":[{"href":"https:\/\/www.afghanrubab.com\/en\/wp-json\/wp\/v2\/pages"}],"about":[{"href":"https:\/\/www.afghanrubab.com\/en\/wp-json\/wp\/v2\/types\/page"}],"author":[{"embeddable":true,"href":"https:\/\/www.afghanrubab.com\/en\/wp-json\/wp\/v2\/users\/1"}],"replies":[{"embeddable":true,"href":"https:\/\/www.afghanrubab.com\/en\/wp-json\/wp\/v2\/comments?post=731"}],"version-history":[{"count":13,"href":"https:\/\/www.afghanrubab.com\/en\/wp-json\/wp\/v2\/pages\/731\/revisions"}],"predecessor-version":[{"id":2262,"href":"https:\/\/www.afghanrubab.com\/en\/wp-json\/wp\/v2\/pages\/731\/revisions\/2262"}],"wp:attachment":[{"href":"https:\/\/www.afghanrubab.com\/en\/wp-json\/wp\/v2\/media?parent=731"}],"curies":[{"name":"wp","href":"https:\/\/api.w.org\/{rel}","templated":true}]}}